{"id":262,"date":"2026-03-16T15:32:57","date_gmt":"2026-03-16T13:32:57","guid":{"rendered":"https:\/\/ravintolasarkanlinna.fi\/vappulounas-1-5-2022\/"},"modified":"2026-03-19T02:24:20","modified_gmt":"2026-03-19T00:24:20","slug":"may-day-lunch","status":"publish","type":"page","link":"https:\/\/ravintolasarkanlinna.fi\/en\/may-day-lunch\/","title":{"rendered":"May Day lunch"},"content":{"rendered":"<p><div class=\"fusion-fullwidth fullwidth-box fusion-builder-row-1 fusion-flex-container nonhundred-percent-fullwidth non-hundred-percent-height-scrolling\" style=\"--awb-border-radius-top-left:0px;--awb-border-radius-top-right:0px;--awb-border-radius-bottom-right:0px;--awb-border-radius-bottom-left:0px;--awb-flex-wrap:wrap;\" ><div class=\"fusion-builder-row fusion-row fusion-flex-align-items-flex-start fusion-flex-justify-content-space-between fusion-flex-content-wrap\" style=\"max-width:calc( 2560px + 0px );margin-left: calc(-0px \/ 2 );margin-right: calc(-0px \/ 2 );\"><div class=\"fusion-layout-column fusion_builder_column fusion-builder-column-0 fusion_builder_column_1_1 1_1 fusion-flex-column\" style=\"--awb-bg-position:center center;--awb-bg-size:cover;--awb-width-large:100%;--awb-margin-top-large:0px;--awb-spacing-right-large:0px;--awb-margin-bottom-large:0px;--awb-spacing-left-large:0px;--awb-width-medium:100%;--awb-order-medium:0;--awb-spacing-right-medium:0px;--awb-spacing-left-medium:0px;--awb-width-small:100%;--awb-order-small:0;--awb-spacing-right-small:0px;--awb-spacing-left-small:0px;\" data-scroll-devices=\"small-visibility,medium-visibility,large-visibility\"><div class=\"fusion-column-wrapper lazyload fusion-column-has-shadow fusion-flex-justify-content-flex-start fusion-content-layout-column fusion-empty-column-bg-image fusion-column-has-bg-image\" data-bg-url=\"https:\/\/ravintolasarkanlinna.fi\/rs\/wp-content\/uploads\/2022\/02\/sarkanlinna-Vappuruoka.webp\" data-bg=\"https:\/\/ravintolasarkanlinna.fi\/rs\/wp-content\/uploads\/2022\/02\/sarkanlinna-Vappuruoka.webp\"><img decoding=\"async\" class=\"fusion-empty-dims-img-placeholder\" aria-label=\"sarkanlinna-Vappuruoka\" src=\"data:image\/svg+xml,%3Csvg%20xmlns%3D%27http%3A%2F%2Fwww.w3.org%2F2000%2Fsvg%27%20width%3D%272030%27%20height%3D%271086%27%20viewBox%3D%270%200%202030%201086%27%3E%3Crect%20width%3D%272030%27%20height%3D%271086%27%20fill-opacity%3D%220%22%2F%3E%3C%2Fsvg%3E\"><\/div><\/div><\/div><\/div><div class=\"fusion-fullwidth fullwidth-box fusion-builder-row-2 fusion-flex-container nonhundred-percent-fullwidth non-hundred-percent-height-scrolling\" style=\"--awb-border-radius-top-left:0px;--awb-border-radius-top-right:0px;--awb-border-radius-bottom-right:0px;--awb-border-radius-bottom-left:0px;--awb-flex-wrap:wrap;\" ><div class=\"fusion-builder-row fusion-row fusion-flex-align-items-flex-start fusion-flex-content-wrap\" style=\"max-width:calc( 2560px + );margin-left: calc(- \/ 2 );margin-right: calc(- \/ 2 );\"><div class=\"fusion-layout-column fusion_builder_column fusion-builder-column-1 fusion_builder_column_1_5 1_5 fusion-flex-column\" style=\"--awb-padding-right:8%;--awb-padding-bottom:8%;--awb-padding-left:8%;--awb-padding-top-medium:8%;--awb-padding-top-small:8%;--awb-bg-size:cover;--awb-width-large:20%;--awb-margin-top-large:0px;--awb-margin-bottom-large:0px;--awb-width-medium:20%;--awb-order-medium:0;--awb-width-small:100%;--awb-order-small:0;\"><div class=\"fusion-column-wrapper fusion-column-has-shadow fusion-flex-justify-content-flex-start fusion-content-layout-column\"><\/div><\/div><div class=\"fusion-layout-column fusion_builder_column fusion-builder-column-2 fusion_builder_column_3_5 3_5 fusion-flex-column\" style=\"--awb-padding-right:8%;--awb-padding-bottom:8%;--awb-padding-left:8%;--awb-padding-top-medium:8%;--awb-padding-top-small:8%;--awb-bg-size:cover;--awb-width-large:60%;--awb-margin-top-large:0px;--awb-margin-bottom-large:0px;--awb-width-medium:60%;--awb-order-medium:0;--awb-width-small:100%;--awb-order-small:0;\"><div class=\"fusion-column-wrapper fusion-column-has-shadow fusion-flex-justify-content-flex-start fusion-content-layout-column\"><div class=\"fusion-title title fusion-title-1 fusion-sep-none fusion-title-center fusion-title-text fusion-title-size-one\" style=\"--awb-margin-bottom:1.1em;--awb-margin-top-small:10px;--awb-margin-right-small:0px;--awb-margin-bottom-small:1.1em;--awb-margin-left-small:0px;--awb-font-size:48px;\"><h1 class=\"fusion-title-heading title-heading-center fusion-responsive-typography-calculated\" style=\"margin:0;font-size:1em;--fontSize:48;line-height:var(--awb-typography1-line-height);\">Finally May Day \u2013 start your summer in S\u00e4rk\u00e4nlinna<\/h1><\/div><div class=\"fusion-text fusion-text-1\" style=\"--awb-content-alignment:center;--awb-text-transform:none;\"><p>We\u2019ve been waiting for this! The long winter is finally behind us, and we are delighted to open our doors once again. We will joyfully begin the summer season at S\u00e4rk\u00e4nlinna on May Day. So book your table, step onto the ferry just off Kaivopuisto, and make sure your balloons stay with you throughout the sea crossing \u2013 we are already here waiting for you with sparkling drinks and delicious food.<\/p>\n<p>This year, we will once again celebrate May Day lunch in the traditional way in the upstairs dining room, where a three-course menu will be served, as well as in the Piper Hall, where a generous May Day lunch buffet will be available.<\/p>\n<p>There will be two seatings (11:30 am\u20132 pm and 3\u20136 pm), so you will still have plenty of time to make your way to the island even after a picnic in the park.<\/p>\n<p>Welcome!<\/p>\n<\/div><div style=\"text-align:center;\"><a class=\"fusion-button button-flat fusion-button-default-size button-default fusion-button-default button-1 fusion-button-default-span fusion-button-default-type\" target=\"_blank\" rel=\"noopener noreferrer\" href=\"https:\/\/book.dinnerbooking.com\/fi\/en-US\/book\/table\/pax\/3135\/2\"><span class=\"fusion-button-text awb-button__text awb-button__text--default\">Book a table<\/span><\/a><\/div><\/div><\/div><div class=\"fusion-layout-column fusion_builder_column fusion-builder-column-3 fusion_builder_column_1_5 1_5 fusion-flex-column\" style=\"--awb-padding-right:8%;--awb-padding-bottom:8%;--awb-padding-left:8%;--awb-padding-top-medium:8%;--awb-padding-top-small:8%;--awb-bg-size:cover;--awb-width-large:20%;--awb-margin-top-large:0px;--awb-margin-bottom-large:0px;--awb-width-medium:20%;--awb-order-medium:0;--awb-width-small:100%;--awb-order-small:0;\"><div class=\"fusion-column-wrapper fusion-column-has-shadow fusion-flex-justify-content-flex-start fusion-content-layout-column\"><\/div><\/div><div class=\"fusion-layout-column fusion_builder_column fusion-builder-column-4 fusion_builder_column_1_1 1_1 fusion-flex-column\" style=\"--awb-padding-right:8%;--awb-padding-bottom:8%;--awb-padding-left:8%;--awb-padding-top-medium:8%;--awb-padding-top-small:8%;--awb-bg-size:cover;--awb-width-large:100%;--awb-margin-top-large:0px;--awb-margin-bottom-large:0px;--awb-width-medium:100%;--awb-order-medium:0;--awb-width-small:100%;--awb-order-small:0;\"><div class=\"fusion-column-wrapper fusion-column-has-shadow fusion-flex-justify-content-flex-start fusion-content-layout-column\"><div class=\"fusion-title title fusion-title-2 fusion-sep-none fusion-title-center fusion-title-text fusion-title-size-three\" style=\"--awb-margin-top-small:10px;--awb-margin-right-small:0px;--awb-margin-bottom-small:10px;--awb-margin-left-small:0px;--awb-font-size:32px;\"><h3 class=\"fusion-title-heading title-heading-center fusion-responsive-typography-calculated\" style=\"margin:0;font-size:1em;--fontSize:32;line-height:var(--awb-typography1-line-height);\">S\u00e4rk\u00e4nlinna May Day lunch 2026 &#8211; 59 \u20ac<\/h3><\/div><div class=\"fusion-text fusion-text-2\" style=\"--awb-margin-top:-15px;\"><p style=\"text-align: center;\"><em>Two seatings; 11. 30 am to 2 pm and 3 pm to 6 pm<\/em><\/p>\n<\/div><div class=\"fusion-text fusion-text-3 fusion-text-no-margin\" style=\"--awb-content-alignment:center;--awb-text-transform:none;--awb-margin-bottom:66px;\"><h5><strong>STARTERS<\/strong><\/h5>\n<p><span data-contrast=\"auto\">Asparagus soup with organic egg and grilled asparagus<\/span><span data-ccp-props=\"\"><br \/>\n<\/span><em>\u2014 or \u2014<\/em><br \/>\n<span data-contrast=\"auto\">Beef tartare with pickled onion and V\u00e4sterbotten cheese<\/span><span data-ccp-props=\"\">\u00a0<\/span><\/p>\n<h5><strong>MAIN COURSES<\/strong><\/h5>\n<p><span data-contrast=\"auto\">Charred salmon with tarragon carrots and lemon butter sauce<br \/>\n<\/span><span data-contrast=\"auto\"><em>\u2014 or \u2014<\/em><br \/>\nLamb Wallenberg with peas and lemon-thyme sauce<br \/>\n<\/span><\/p>\n<h5><strong>DESSERT<\/strong><\/h5>\n<p>Seasonal berries with white chocolate mousse and raspberry sorbet<\/p>\n<p><strong>CHILDREN'S PRICES<br \/>\n<\/strong>Full May Day lunch menu<br \/>\n0-4 years 0 \u20ac<br \/>\n5-12 years, half the price<\/p>\n<h5><strong>CHILDREN'S MENU \u2013 19 \u20ac<\/strong><\/h5>\n<p>Fried salmon, spring potatoes and butter sauce<br \/>\nStrawberries and vanilla ice cream<\/p>\n<\/div><div class=\"fusion-title title fusion-title-3 fusion-sep-none fusion-title-center fusion-title-text fusion-title-size-three\" style=\"--awb-margin-top-small:10px;--awb-margin-right-small:0px;--awb-margin-bottom-small:10px;--awb-margin-left-small:0px;--awb-font-size:32px;\"><h3 class=\"fusion-title-heading title-heading-center fusion-responsive-typography-calculated\" style=\"margin:0;font-size:1em;--fontSize:32;line-height:var(--awb-typography1-line-height);\">May Day&#8217;s buffet in the piper hall 59 \u20ac<\/h3><\/div><div class=\"fusion-text fusion-text-4\" style=\"--awb-content-alignment:center;--awb-text-transform:none;\"><h5><strong>STARTERS<\/strong><\/h5>\n<p>Marinated spring vegetables and horse raddish cream<\/p>\n<p>Shrimp Skagen with malt bread<\/p>\n<p>Hot smoked salmon with dill cr\u00e8me<\/p>\n<p>Herring \u201dcaviar\u201d with apple<\/p>\n<p>Beef tartar with pickled onion<\/p>\n<p>Green salad with citrus vinaigrette<\/p>\n<p>Early potatoes<\/p>\n<p>Country bread with house butter<\/p>\n<h5><strong>MAIN COURSE<\/strong><\/h5>\n<p>Braised lamb with grilled cabbage and lemon thyme sauce<\/p>\n<h5><strong>DESSERT<\/strong><\/h5>\n<p>Seasonal berries with white chocolate mousse<\/p>\n<p>Coffee \/ tea<\/p>\n<\/div><div style=\"text-align:center;\"><a class=\"fusion-button button-flat fusion-button-default-size button-default fusion-button-default button-2 fusion-button-default-span fusion-button-default-type\" target=\"_blank\" rel=\"noopener noreferrer\" href=\"https:\/\/book.dinnerbooking.com\/fi\/en-US\/book\/table\/pax\/3135\/2\"><span class=\"fusion-button-text awb-button__text awb-button__text--default\">Book a table<\/span><\/a><\/div><\/div><\/div><\/div><\/div><\/p>\n","protected":false},"excerpt":{"rendered":"","protected":false},"author":1,"featured_media":0,"parent":0,"menu_order":0,"comment_status":"closed","ping_status":"closed","template":"","meta":{"footnotes":""},"class_list":["post-262","page","type-page","status-publish","hentry"],"yoast_head":"<!-- This site is optimized with the Yoast SEO plugin v27.4 - https:\/\/yoast.com\/product\/yoast-seo-wordpress\/ -->\n<title>May Day lunch - Ravintola S\u00e4rk\u00e4nlinna<\/title>\n<meta name=\"description\" content=\"May Day lunch, a three-course menu by Tuomas Vierel\u00e4. From 11.30 a.m.\u20132 p.m. and 3\u20136 p.m. \u2013 so you can still make it after the park picnic.\" \/>\n<meta name=\"robots\" content=\"index, follow, max-snippet:-1, max-image-preview:large, max-video-preview:-1\" \/>\n<link rel=\"canonical\" href=\"https:\/\/ravintolasarkanlinna.fi\/en\/may-day-lunch\/\" \/>\n<meta property=\"og:locale\" content=\"en_US\" \/>\n<meta property=\"og:type\" content=\"article\" \/>\n<meta property=\"og:title\" content=\"May Day lunch - Ravintola S\u00e4rk\u00e4nlinna\" \/>\n<meta property=\"og:description\" content=\"May Day lunch, a three-course menu by Tuomas Vierel\u00e4. From 11.30 a.m.\u20132 p.m. and 3\u20136 p.m. \u2013 so you can still make it after the park picnic.\" \/>\n<meta property=\"og:url\" content=\"https:\/\/ravintolasarkanlinna.fi\/en\/may-day-lunch\/\" \/>\n<meta property=\"og:site_name\" content=\"Ravintola S\u00e4rk\u00e4nlinna\" \/>\n<meta property=\"article:publisher\" content=\"https:\/\/www.facebook.com\/sarkanlinna\" \/>\n<meta property=\"article:modified_time\" content=\"2026-03-19T00:24:20+00:00\" \/>\n<meta name=\"twitter:card\" content=\"summary_large_image\" \/>\n<meta name=\"twitter:label1\" content=\"Est. reading time\" \/>\n\t<meta name=\"twitter:data1\" content=\"2 minutes\" \/>\n<script type=\"application\/ld+json\" class=\"yoast-schema-graph\">{\"@context\":\"https:\\\/\\\/schema.org\",\"@graph\":[{\"@type\":\"WebPage\",\"@id\":\"https:\\\/\\\/ravintolasarkanlinna.fi\\\/en\\\/may-day-lunch\\\/\",\"url\":\"https:\\\/\\\/ravintolasarkanlinna.fi\\\/en\\\/may-day-lunch\\\/\",\"name\":\"May Day lunch - Ravintola S\u00e4rk\u00e4nlinna\",\"isPartOf\":{\"@id\":\"https:\\\/\\\/ravintolasarkanlinna.fi\\\/en\\\/#website\"},\"datePublished\":\"2026-03-16T13:32:57+00:00\",\"dateModified\":\"2026-03-19T00:24:20+00:00\",\"description\":\"May Day lunch, a three-course menu by Tuomas Vierel\u00e4. From 11.30 a.m.\u20132 p.m. and 3\u20136 p.m. \u2013 so you can still make it after the park picnic.\",\"breadcrumb\":{\"@id\":\"https:\\\/\\\/ravintolasarkanlinna.fi\\\/en\\\/may-day-lunch\\\/#breadcrumb\"},\"inLanguage\":\"en-US\",\"potentialAction\":[{\"@type\":\"ReadAction\",\"target\":[\"https:\\\/\\\/ravintolasarkanlinna.fi\\\/en\\\/may-day-lunch\\\/\"]}]},{\"@type\":\"BreadcrumbList\",\"@id\":\"https:\\\/\\\/ravintolasarkanlinna.fi\\\/en\\\/may-day-lunch\\\/#breadcrumb\",\"itemListElement\":[{\"@type\":\"ListItem\",\"position\":1,\"name\":\"Home\",\"item\":\"https:\\\/\\\/ravintolasarkanlinna.fi\\\/en\\\/\"},{\"@type\":\"ListItem\",\"position\":2,\"name\":\"May Day lunch\"}]},{\"@type\":\"WebSite\",\"@id\":\"https:\\\/\\\/ravintolasarkanlinna.fi\\\/en\\\/#website\",\"url\":\"https:\\\/\\\/ravintolasarkanlinna.fi\\\/en\\\/\",\"name\":\"Ravintola S\u00e4rk\u00e4nlinna\",\"description\":\"Yksi Helsingin rakastetuimpia kes\u00e4ravintoloita\",\"publisher\":{\"@id\":\"https:\\\/\\\/ravintolasarkanlinna.fi\\\/en\\\/#organization\"},\"potentialAction\":[{\"@type\":\"SearchAction\",\"target\":{\"@type\":\"EntryPoint\",\"urlTemplate\":\"https:\\\/\\\/ravintolasarkanlinna.fi\\\/en\\\/?s={search_term_string}\"},\"query-input\":{\"@type\":\"PropertyValueSpecification\",\"valueRequired\":true,\"valueName\":\"search_term_string\"}}],\"inLanguage\":\"en-US\"},{\"@type\":\"Organization\",\"@id\":\"https:\\\/\\\/ravintolasarkanlinna.fi\\\/en\\\/#organization\",\"name\":\"Olo Events Oy\",\"url\":\"https:\\\/\\\/ravintolasarkanlinna.fi\\\/en\\\/\",\"logo\":{\"@type\":\"ImageObject\",\"inLanguage\":\"en-US\",\"@id\":\"https:\\\/\\\/ravintolasarkanlinna.fi\\\/en\\\/#\\\/schema\\\/logo\\\/image\\\/\",\"url\":\"https:\\\/\\\/ravintolasarkanlinna.fi\\\/rs\\\/wp-content\\\/uploads\\\/2022\\\/02\\\/sarkanlinna-logo.png\",\"contentUrl\":\"https:\\\/\\\/ravintolasarkanlinna.fi\\\/rs\\\/wp-content\\\/uploads\\\/2022\\\/02\\\/sarkanlinna-logo.png\",\"width\":360,\"height\":53,\"caption\":\"Olo Events Oy\"},\"image\":{\"@id\":\"https:\\\/\\\/ravintolasarkanlinna.fi\\\/en\\\/#\\\/schema\\\/logo\\\/image\\\/\"},\"sameAs\":[\"https:\\\/\\\/www.facebook.com\\\/sarkanlinna\",\"https:\\\/\\\/www.instagram.com\\\/sarkanlinna\"]}]}<\/script>\n<!-- \/ Yoast SEO plugin. -->","yoast_head_json":{"title":"May Day lunch - Ravintola S\u00e4rk\u00e4nlinna","description":"May Day lunch, a three-course menu by Tuomas Vierel\u00e4. From 11.30 a.m.\u20132 p.m. and 3\u20136 p.m. \u2013 so you can still make it after the park picnic.","robots":{"index":"index","follow":"follow","max-snippet":"max-snippet:-1","max-image-preview":"max-image-preview:large","max-video-preview":"max-video-preview:-1"},"canonical":"https:\/\/ravintolasarkanlinna.fi\/en\/may-day-lunch\/","og_locale":"en_US","og_type":"article","og_title":"May Day lunch - Ravintola S\u00e4rk\u00e4nlinna","og_description":"May Day lunch, a three-course menu by Tuomas Vierel\u00e4. From 11.30 a.m.\u20132 p.m. and 3\u20136 p.m. \u2013 so you can still make it after the park picnic.","og_url":"https:\/\/ravintolasarkanlinna.fi\/en\/may-day-lunch\/","og_site_name":"Ravintola S\u00e4rk\u00e4nlinna","article_publisher":"https:\/\/www.facebook.com\/sarkanlinna","article_modified_time":"2026-03-19T00:24:20+00:00","twitter_card":"summary_large_image","twitter_misc":{"Est. reading time":"2 minutes"},"schema":{"@context":"https:\/\/schema.org","@graph":[{"@type":"WebPage","@id":"https:\/\/ravintolasarkanlinna.fi\/en\/may-day-lunch\/","url":"https:\/\/ravintolasarkanlinna.fi\/en\/may-day-lunch\/","name":"May Day lunch - Ravintola S\u00e4rk\u00e4nlinna","isPartOf":{"@id":"https:\/\/ravintolasarkanlinna.fi\/en\/#website"},"datePublished":"2026-03-16T13:32:57+00:00","dateModified":"2026-03-19T00:24:20+00:00","description":"May Day lunch, a three-course menu by Tuomas Vierel\u00e4. From 11.30 a.m.\u20132 p.m. and 3\u20136 p.m. \u2013 so you can still make it after the park picnic.","breadcrumb":{"@id":"https:\/\/ravintolasarkanlinna.fi\/en\/may-day-lunch\/#breadcrumb"},"inLanguage":"en-US","potentialAction":[{"@type":"ReadAction","target":["https:\/\/ravintolasarkanlinna.fi\/en\/may-day-lunch\/"]}]},{"@type":"BreadcrumbList","@id":"https:\/\/ravintolasarkanlinna.fi\/en\/may-day-lunch\/#breadcrumb","itemListElement":[{"@type":"ListItem","position":1,"name":"Home","item":"https:\/\/ravintolasarkanlinna.fi\/en\/"},{"@type":"ListItem","position":2,"name":"May Day lunch"}]},{"@type":"WebSite","@id":"https:\/\/ravintolasarkanlinna.fi\/en\/#website","url":"https:\/\/ravintolasarkanlinna.fi\/en\/","name":"Ravintola S\u00e4rk\u00e4nlinna","description":"Yksi Helsingin rakastetuimpia kes\u00e4ravintoloita","publisher":{"@id":"https:\/\/ravintolasarkanlinna.fi\/en\/#organization"},"potentialAction":[{"@type":"SearchAction","target":{"@type":"EntryPoint","urlTemplate":"https:\/\/ravintolasarkanlinna.fi\/en\/?s={search_term_string}"},"query-input":{"@type":"PropertyValueSpecification","valueRequired":true,"valueName":"search_term_string"}}],"inLanguage":"en-US"},{"@type":"Organization","@id":"https:\/\/ravintolasarkanlinna.fi\/en\/#organization","name":"Olo Events Oy","url":"https:\/\/ravintolasarkanlinna.fi\/en\/","logo":{"@type":"ImageObject","inLanguage":"en-US","@id":"https:\/\/ravintolasarkanlinna.fi\/en\/#\/schema\/logo\/image\/","url":"https:\/\/ravintolasarkanlinna.fi\/rs\/wp-content\/uploads\/2022\/02\/sarkanlinna-logo.png","contentUrl":"https:\/\/ravintolasarkanlinna.fi\/rs\/wp-content\/uploads\/2022\/02\/sarkanlinna-logo.png","width":360,"height":53,"caption":"Olo Events Oy"},"image":{"@id":"https:\/\/ravintolasarkanlinna.fi\/en\/#\/schema\/logo\/image\/"},"sameAs":["https:\/\/www.facebook.com\/sarkanlinna","https:\/\/www.instagram.com\/sarkanlinna"]}]}},"_links":{"self":[{"href":"https:\/\/ravintolasarkanlinna.fi\/en\/wp-json\/wp\/v2\/pages\/262","targetHints":{"allow":["GET"]}}],"collection":[{"href":"https:\/\/ravintolasarkanlinna.fi\/en\/wp-json\/wp\/v2\/pages"}],"about":[{"href":"https:\/\/ravintolasarkanlinna.fi\/en\/wp-json\/wp\/v2\/types\/page"}],"author":[{"embeddable":true,"href":"https:\/\/ravintolasarkanlinna.fi\/en\/wp-json\/wp\/v2\/users\/1"}],"replies":[{"embeddable":true,"href":"https:\/\/ravintolasarkanlinna.fi\/en\/wp-json\/wp\/v2\/comments?post=262"}],"version-history":[{"count":31,"href":"https:\/\/ravintolasarkanlinna.fi\/en\/wp-json\/wp\/v2\/pages\/262\/revisions"}],"predecessor-version":[{"id":1389,"href":"https:\/\/ravintolasarkanlinna.fi\/en\/wp-json\/wp\/v2\/pages\/262\/revisions\/1389"}],"wp:attachment":[{"href":"https:\/\/ravintolasarkanlinna.fi\/en\/wp-json\/wp\/v2\/media?parent=262"}],"curies":[{"name":"wp","href":"https:\/\/api.w.org\/{rel}","templated":true}]}}