{"id":272,"date":"2022-02-23T16:08:42","date_gmt":"2022-02-23T14:08:42","guid":{"rendered":"https:\/\/ravintolasarkanlinna.fi\/juhlat-sarkanlinnassa\/"},"modified":"2025-05-13T23:39:27","modified_gmt":"2025-05-13T20:39:27","slug":"your-special-occasion-at-sarkanlinna","status":"publish","type":"page","link":"https:\/\/ravintolasarkanlinna.fi\/en\/your-special-occasion-at-sarkanlinna\/","title":{"rendered":"Your special occasion  at S\u00e4rk\u00e4nlinna"},"content":{"rendered":"<div class=\"fusion-fullwidth fullwidth-box fusion-builder-row-1 fusion-flex-container has-pattern-background has-mask-background nonhundred-percent-fullwidth non-hundred-percent-height-scrolling\" style=\"--awb-border-radius-top-left:0px;--awb-border-radius-top-right:0px;--awb-border-radius-bottom-right:0px;--awb-border-radius-bottom-left:0px;--awb-padding-top:12%;--awb-padding-top-medium:6%;--awb-padding-top-small:16px;--awb-padding-right-small:0px;--awb-padding-left-small:0px;--awb-margin-top-small:0px;--awb-flex-wrap:wrap;\" ><div class=\"fusion-builder-row fusion-row fusion-flex-align-items-flex-start fusion-flex-content-wrap\" style=\"max-width:calc( 2560px + );margin-left: calc(- \/ 2 );margin-right: calc(- \/ 2 );\"><div class=\"fusion-layout-column fusion_builder_column fusion-builder-column-0 fusion_builder_column_1_3 1_3 fusion-flex-column fusion-flex-align-self-flex-start\" style=\"--awb-padding-top:8%;--awb-padding-top-small:0px;--awb-padding-right-small:0px;--awb-padding-left-small:0px;--awb-bg-size:cover;--awb-width-large:33.333333333333%;--awb-margin-top-large:0px;--awb-margin-bottom-large:0px;--awb-width-medium:33.333333333333%;--awb-order-medium:0;--awb-width-small:100%;--awb-order-small:0;--awb-margin-top-small:0px;--awb-spacing-right-small:0px;--awb-spacing-left-small:0px;\" data-scroll-devices=\"small-visibility,medium-visibility,large-visibility\"><div class=\"fusion-column-wrapper fusion-column-has-shadow fusion-flex-justify-content-flex-start fusion-content-layout-column\"><div class=\"fusion-image-element \" style=\"--awb-margin-top:0px;--awb-margin-right:0px;--awb-margin-left:0px;--awb-margin-top-small:0px;--awb-margin-right-small:0px;--awb-margin-left-small:0px;--awb-caption-title-font-family:var(--h2_typography-font-family);--awb-caption-title-font-weight:var(--h2_typography-font-weight);--awb-caption-title-font-style:var(--h2_typography-font-style);--awb-caption-title-size:var(--h2_typography-font-size);--awb-caption-title-transform:var(--h2_typography-text-transform);--awb-caption-title-line-height:var(--h2_typography-line-height);--awb-caption-title-letter-spacing:var(--h2_typography-letter-spacing);\"><span class=\" fusion-imageframe imageframe-none imageframe-1 hover-type-none\"><img decoding=\"async\" width=\"800\" height=\"945\" title=\"ovi\" src=\"https:\/\/ravintolasarkanlinna.fi\/rs\/wp-content\/uploads\/2022\/02\/ovi.webp\" data-orig-src=\"https:\/\/ravintolasarkanlinna.fi\/rs\/wp-content\/uploads\/2022\/02\/ovi.webp\" alt class=\"lazyload img-responsive wp-image-112\" srcset=\"data:image\/svg+xml,%3Csvg%20xmlns%3D%27http%3A%2F%2Fwww.w3.org%2F2000%2Fsvg%27%20width%3D%27800%27%20height%3D%27945%27%20viewBox%3D%270%200%20800%20945%27%3E%3Crect%20width%3D%27800%27%20height%3D%27945%27%20fill-opacity%3D%220%22%2F%3E%3C%2Fsvg%3E\" data-srcset=\"https:\/\/ravintolasarkanlinna.fi\/rs\/wp-content\/uploads\/2022\/02\/ovi-200x236.webp 200w, https:\/\/ravintolasarkanlinna.fi\/rs\/wp-content\/uploads\/2022\/02\/ovi-400x473.webp 400w, https:\/\/ravintolasarkanlinna.fi\/rs\/wp-content\/uploads\/2022\/02\/ovi-600x709.webp 600w, https:\/\/ravintolasarkanlinna.fi\/rs\/wp-content\/uploads\/2022\/02\/ovi.webp 800w\" data-sizes=\"auto\" data-orig-sizes=\"(max-width: 640px) 100vw, 800px\" \/><\/span><\/div><div class=\"fusion-image-element fusion-no-small-visibility\" style=\"--awb-caption-title-font-family:var(--h2_typography-font-family);--awb-caption-title-font-weight:var(--h2_typography-font-weight);--awb-caption-title-font-style:var(--h2_typography-font-style);--awb-caption-title-size:var(--h2_typography-font-size);--awb-caption-title-transform:var(--h2_typography-text-transform);--awb-caption-title-line-height:var(--h2_typography-line-height);--awb-caption-title-letter-spacing:var(--h2_typography-letter-spacing);\"><span class=\" fusion-imageframe imageframe-none imageframe-2 hover-type-none\"><img decoding=\"async\" width=\"800\" height=\"945\" title=\"ravintolasali-Kabinetti\" src=\"https:\/\/ravintolasarkanlinna.fi\/rs\/wp-content\/uploads\/2022\/02\/ravintolasali-Kabinetti.webp\" data-orig-src=\"https:\/\/ravintolasarkanlinna.fi\/rs\/wp-content\/uploads\/2022\/02\/ravintolasali-Kabinetti.webp\" alt class=\"lazyload img-responsive wp-image-114\" srcset=\"data:image\/svg+xml,%3Csvg%20xmlns%3D%27http%3A%2F%2Fwww.w3.org%2F2000%2Fsvg%27%20width%3D%27800%27%20height%3D%27945%27%20viewBox%3D%270%200%20800%20945%27%3E%3Crect%20width%3D%27800%27%20height%3D%27945%27%20fill-opacity%3D%220%22%2F%3E%3C%2Fsvg%3E\" data-srcset=\"https:\/\/ravintolasarkanlinna.fi\/rs\/wp-content\/uploads\/2022\/02\/ravintolasali-Kabinetti-200x236.webp 200w, https:\/\/ravintolasarkanlinna.fi\/rs\/wp-content\/uploads\/2022\/02\/ravintolasali-Kabinetti-400x473.webp 400w, https:\/\/ravintolasarkanlinna.fi\/rs\/wp-content\/uploads\/2022\/02\/ravintolasali-Kabinetti-600x709.webp 600w, https:\/\/ravintolasarkanlinna.fi\/rs\/wp-content\/uploads\/2022\/02\/ravintolasali-Kabinetti.webp 800w\" data-sizes=\"auto\" data-orig-sizes=\"(max-width: 640px) 100vw, 800px\" \/><\/span><\/div><div class=\"fusion-image-element fusion-no-small-visibility\" style=\"--awb-caption-title-font-family:var(--h2_typography-font-family);--awb-caption-title-font-weight:var(--h2_typography-font-weight);--awb-caption-title-font-style:var(--h2_typography-font-style);--awb-caption-title-size:var(--h2_typography-font-size);--awb-caption-title-transform:var(--h2_typography-text-transform);--awb-caption-title-line-height:var(--h2_typography-line-height);--awb-caption-title-letter-spacing:var(--h2_typography-letter-spacing);\"><span class=\" fusion-imageframe imageframe-none imageframe-3 hover-type-none\"><img decoding=\"async\" width=\"800\" height=\"935\" alt=\"sarkanlinna-pipersali\" title=\"pipersali\" src=\"https:\/\/ravintolasarkanlinna.fi\/rs\/wp-content\/uploads\/2022\/02\/pipersali.webp\" data-orig-src=\"https:\/\/ravintolasarkanlinna.fi\/rs\/wp-content\/uploads\/2022\/02\/pipersali.webp\" class=\"lazyload img-responsive wp-image-43\" srcset=\"data:image\/svg+xml,%3Csvg%20xmlns%3D%27http%3A%2F%2Fwww.w3.org%2F2000%2Fsvg%27%20width%3D%27800%27%20height%3D%27935%27%20viewBox%3D%270%200%20800%20935%27%3E%3Crect%20width%3D%27800%27%20height%3D%27935%27%20fill-opacity%3D%220%22%2F%3E%3C%2Fsvg%3E\" data-srcset=\"https:\/\/ravintolasarkanlinna.fi\/rs\/wp-content\/uploads\/2022\/02\/pipersali-200x234.webp 200w, https:\/\/ravintolasarkanlinna.fi\/rs\/wp-content\/uploads\/2022\/02\/pipersali-400x468.webp 400w, https:\/\/ravintolasarkanlinna.fi\/rs\/wp-content\/uploads\/2022\/02\/pipersali-600x701.webp 600w, https:\/\/ravintolasarkanlinna.fi\/rs\/wp-content\/uploads\/2022\/02\/pipersali.webp 800w\" data-sizes=\"auto\" data-orig-sizes=\"(max-width: 640px) 100vw, 800px\" \/><\/span><\/div><\/div><\/div><div class=\"fusion-layout-column fusion_builder_column fusion-builder-column-1 fusion_builder_column_2_3 2_3 fusion-flex-column\" style=\"--awb-padding-right:8%;--awb-padding-bottom:8%;--awb-padding-left:8%;--awb-padding-top-medium:8%;--awb-padding-top-small:8%;--awb-bg-size:cover;--awb-width-large:66.666666666667%;--awb-margin-top-large:0px;--awb-margin-bottom-large:0px;--awb-width-medium:66.666666666667%;--awb-order-medium:0;--awb-width-small:100%;--awb-order-small:0;\"><div class=\"fusion-column-wrapper fusion-column-has-shadow fusion-flex-justify-content-flex-start fusion-content-layout-column\"><div class=\"fusion-title title fusion-title-1 fusion-sep-none fusion-title-text fusion-title-size-two\" style=\"--awb-margin-bottom:4%;--awb-margin-top-small:10px;--awb-margin-right-small:0px;--awb-margin-bottom-small:10px;--awb-margin-left-small:0px;\"><h2 class=\"fusion-title-heading title-heading-left fusion-responsive-typography-calculated\" style=\"margin:0;--fontSize:48;line-height:var(--awb-typography1-line-height);\">YOUR SPECIAL OCCASION AT S\u00c4RK\u00c4NLINNA<\/h2><\/div><div class=\"fusion-text fusion-text-1\" style=\"--awb-text-transform:none;\"><p>Located in a historic island fortress, the S\u00e4rk\u00e4nlinna Restaurant is the perfect setting for unforgettable summer events \u2013 weddings, crayfish parties and other events \u2013 in a maritime atmosphere. The courtyard and the rooms in the restaurant enable the various parts of the occasion to run smoothly, without long transitions. You can also book any of the rooms individually.<\/p>\n<\/div><div class=\"fusion-text fusion-text-2\" style=\"--awb-text-transform:none;\"><p><b>DINING ROOM<\/b><\/p>\n<p>The dining room with its slightly slanting floor (originally designed for rolling cannonballs), thick brick walls and narrow stairs past the small side rooms of the fortress \u2013 as well as the unobstructed view over the ramparts to the sea \u2013 will take your thoughts away from the hustle and bustle of the city. The S\u00e4rk\u00e4nlinna dining room seats up to 120 people at one long table or at smaller tables for 8\u201310 people.<\/p>\n<\/div><div class=\"fusion-text fusion-text-3\" style=\"--awb-text-transform:none;\"><p><b>PIPER ROOM<\/b><\/p>\n<p>You can also choose the Piper Room as the venue for your event. In the Piper Room, you can enjoy delicious food and drinks while watching the passing boats through the old firing holes of the fortress. The Piper Room seats up to 80 people. Its entrance is in the courtyard. It is an ideal venue for a private party or an after-party with a band or DJ.<\/p>\n<\/div><div class=\"fusion-text fusion-text-4\" style=\"--awb-text-transform:none;\"><p><b>COURTYARD<\/b><\/p>\n<p>You can also enjoy aperitifs, cocktails and the sunshine in the courtyard. It is the perfect setting for an unforgettable barbecue as well.<\/p>\n<\/div><div class=\"fusion-text fusion-text-5\" style=\"--awb-text-transform:none;\"><p><b>CAPACITIES<\/b><\/p>\n<p><strong>Seated event\u00a0<\/strong><\/p>\n<p>Dining room: 120 people<br \/>\nPrivate room: 30 people<br \/>\nPiper Room: 80 people<\/p>\n<p><strong>\u00a0<\/strong><\/p>\n<p><strong>Cocktail event<\/strong><\/p>\n<p>Dining room: 180 people<br \/>\nPiper Room: 120 people<br \/>\nCourtyard: 300 people<\/p>\n<\/div><\/div><\/div><\/div><\/div>\n","protected":false},"excerpt":{"rendered":"","protected":false},"author":1,"featured_media":0,"parent":0,"menu_order":0,"comment_status":"closed","ping_status":"closed","template":"","meta":{"footnotes":""},"class_list":["post-272","page","type-page","status-publish","hentry"],"yoast_head":"<!-- This site is optimized with the Yoast SEO plugin v27.3 - https:\/\/yoast.com\/product\/yoast-seo-wordpress\/ -->\n<title>Your special occasion at S\u00e4rk\u00e4nlinna - Ravintola S\u00e4rk\u00e4nlinna<\/title>\n<meta name=\"robots\" content=\"index, follow, max-snippet:-1, max-image-preview:large, max-video-preview:-1\" \/>\n<link rel=\"canonical\" href=\"https:\/\/ravintolasarkanlinna.fi\/en\/your-special-occasion-at-sarkanlinna\/\" \/>\n<meta property=\"og:locale\" content=\"en_US\" \/>\n<meta property=\"og:type\" content=\"article\" \/>\n<meta property=\"og:title\" content=\"Your special occasion at S\u00e4rk\u00e4nlinna - Ravintola S\u00e4rk\u00e4nlinna\" \/>\n<meta property=\"og:url\" content=\"https:\/\/ravintolasarkanlinna.fi\/en\/your-special-occasion-at-sarkanlinna\/\" \/>\n<meta property=\"og:site_name\" content=\"Ravintola S\u00e4rk\u00e4nlinna\" \/>\n<meta property=\"article:publisher\" content=\"https:\/\/www.facebook.com\/sarkanlinna\" \/>\n<meta property=\"article:modified_time\" content=\"2025-05-13T20:39:27+00:00\" \/>\n<meta name=\"twitter:card\" content=\"summary_large_image\" \/>\n<meta name=\"twitter:label1\" content=\"Est. reading time\" \/>\n\t<meta name=\"twitter:data1\" content=\"2 minutes\" \/>\n<script type=\"application\/ld+json\" class=\"yoast-schema-graph\">{\"@context\":\"https:\\\/\\\/schema.org\",\"@graph\":[{\"@type\":\"WebPage\",\"@id\":\"https:\\\/\\\/ravintolasarkanlinna.fi\\\/en\\\/your-special-occasion-at-sarkanlinna\\\/\",\"url\":\"https:\\\/\\\/ravintolasarkanlinna.fi\\\/en\\\/your-special-occasion-at-sarkanlinna\\\/\",\"name\":\"Your special occasion at S\u00e4rk\u00e4nlinna - Ravintola S\u00e4rk\u00e4nlinna\",\"isPartOf\":{\"@id\":\"https:\\\/\\\/ravintolasarkanlinna.fi\\\/en\\\/#website\"},\"datePublished\":\"2022-02-23T14:08:42+00:00\",\"dateModified\":\"2025-05-13T20:39:27+00:00\",\"breadcrumb\":{\"@id\":\"https:\\\/\\\/ravintolasarkanlinna.fi\\\/en\\\/your-special-occasion-at-sarkanlinna\\\/#breadcrumb\"},\"inLanguage\":\"en-US\",\"potentialAction\":[{\"@type\":\"ReadAction\",\"target\":[\"https:\\\/\\\/ravintolasarkanlinna.fi\\\/en\\\/your-special-occasion-at-sarkanlinna\\\/\"]}]},{\"@type\":\"BreadcrumbList\",\"@id\":\"https:\\\/\\\/ravintolasarkanlinna.fi\\\/en\\\/your-special-occasion-at-sarkanlinna\\\/#breadcrumb\",\"itemListElement\":[{\"@type\":\"ListItem\",\"position\":1,\"name\":\"Home\",\"item\":\"https:\\\/\\\/ravintolasarkanlinna.fi\\\/en\\\/\"},{\"@type\":\"ListItem\",\"position\":2,\"name\":\"Your special occasion at S\u00e4rk\u00e4nlinna\"}]},{\"@type\":\"WebSite\",\"@id\":\"https:\\\/\\\/ravintolasarkanlinna.fi\\\/en\\\/#website\",\"url\":\"https:\\\/\\\/ravintolasarkanlinna.fi\\\/en\\\/\",\"name\":\"Ravintola S\u00e4rk\u00e4nlinna\",\"description\":\"Yksi Helsingin rakastetuimpia kes\u00e4ravintoloita\",\"publisher\":{\"@id\":\"https:\\\/\\\/ravintolasarkanlinna.fi\\\/en\\\/#organization\"},\"potentialAction\":[{\"@type\":\"SearchAction\",\"target\":{\"@type\":\"EntryPoint\",\"urlTemplate\":\"https:\\\/\\\/ravintolasarkanlinna.fi\\\/en\\\/?s={search_term_string}\"},\"query-input\":{\"@type\":\"PropertyValueSpecification\",\"valueRequired\":true,\"valueName\":\"search_term_string\"}}],\"inLanguage\":\"en-US\"},{\"@type\":\"Organization\",\"@id\":\"https:\\\/\\\/ravintolasarkanlinna.fi\\\/en\\\/#organization\",\"name\":\"Olo Events Oy\",\"url\":\"https:\\\/\\\/ravintolasarkanlinna.fi\\\/en\\\/\",\"logo\":{\"@type\":\"ImageObject\",\"inLanguage\":\"en-US\",\"@id\":\"https:\\\/\\\/ravintolasarkanlinna.fi\\\/en\\\/#\\\/schema\\\/logo\\\/image\\\/\",\"url\":\"https:\\\/\\\/ravintolasarkanlinna.fi\\\/rs\\\/wp-content\\\/uploads\\\/2022\\\/02\\\/sarkanlinna-logo.png\",\"contentUrl\":\"https:\\\/\\\/ravintolasarkanlinna.fi\\\/rs\\\/wp-content\\\/uploads\\\/2022\\\/02\\\/sarkanlinna-logo.png\",\"width\":360,\"height\":53,\"caption\":\"Olo Events Oy\"},\"image\":{\"@id\":\"https:\\\/\\\/ravintolasarkanlinna.fi\\\/en\\\/#\\\/schema\\\/logo\\\/image\\\/\"},\"sameAs\":[\"https:\\\/\\\/www.facebook.com\\\/sarkanlinna\",\"https:\\\/\\\/www.instagram.com\\\/sarkanlinna\"]}]}<\/script>\n<!-- \/ Yoast SEO plugin. -->","yoast_head_json":{"title":"Your special occasion at S\u00e4rk\u00e4nlinna - Ravintola S\u00e4rk\u00e4nlinna","robots":{"index":"index","follow":"follow","max-snippet":"max-snippet:-1","max-image-preview":"max-image-preview:large","max-video-preview":"max-video-preview:-1"},"canonical":"https:\/\/ravintolasarkanlinna.fi\/en\/your-special-occasion-at-sarkanlinna\/","og_locale":"en_US","og_type":"article","og_title":"Your special occasion at S\u00e4rk\u00e4nlinna - Ravintola S\u00e4rk\u00e4nlinna","og_url":"https:\/\/ravintolasarkanlinna.fi\/en\/your-special-occasion-at-sarkanlinna\/","og_site_name":"Ravintola S\u00e4rk\u00e4nlinna","article_publisher":"https:\/\/www.facebook.com\/sarkanlinna","article_modified_time":"2025-05-13T20:39:27+00:00","twitter_card":"summary_large_image","twitter_misc":{"Est. reading time":"2 minutes"},"schema":{"@context":"https:\/\/schema.org","@graph":[{"@type":"WebPage","@id":"https:\/\/ravintolasarkanlinna.fi\/en\/your-special-occasion-at-sarkanlinna\/","url":"https:\/\/ravintolasarkanlinna.fi\/en\/your-special-occasion-at-sarkanlinna\/","name":"Your special occasion at S\u00e4rk\u00e4nlinna - Ravintola S\u00e4rk\u00e4nlinna","isPartOf":{"@id":"https:\/\/ravintolasarkanlinna.fi\/en\/#website"},"datePublished":"2022-02-23T14:08:42+00:00","dateModified":"2025-05-13T20:39:27+00:00","breadcrumb":{"@id":"https:\/\/ravintolasarkanlinna.fi\/en\/your-special-occasion-at-sarkanlinna\/#breadcrumb"},"inLanguage":"en-US","potentialAction":[{"@type":"ReadAction","target":["https:\/\/ravintolasarkanlinna.fi\/en\/your-special-occasion-at-sarkanlinna\/"]}]},{"@type":"BreadcrumbList","@id":"https:\/\/ravintolasarkanlinna.fi\/en\/your-special-occasion-at-sarkanlinna\/#breadcrumb","itemListElement":[{"@type":"ListItem","position":1,"name":"Home","item":"https:\/\/ravintolasarkanlinna.fi\/en\/"},{"@type":"ListItem","position":2,"name":"Your special occasion at S\u00e4rk\u00e4nlinna"}]},{"@type":"WebSite","@id":"https:\/\/ravintolasarkanlinna.fi\/en\/#website","url":"https:\/\/ravintolasarkanlinna.fi\/en\/","name":"Ravintola S\u00e4rk\u00e4nlinna","description":"Yksi Helsingin rakastetuimpia kes\u00e4ravintoloita","publisher":{"@id":"https:\/\/ravintolasarkanlinna.fi\/en\/#organization"},"potentialAction":[{"@type":"SearchAction","target":{"@type":"EntryPoint","urlTemplate":"https:\/\/ravintolasarkanlinna.fi\/en\/?s={search_term_string}"},"query-input":{"@type":"PropertyValueSpecification","valueRequired":true,"valueName":"search_term_string"}}],"inLanguage":"en-US"},{"@type":"Organization","@id":"https:\/\/ravintolasarkanlinna.fi\/en\/#organization","name":"Olo Events Oy","url":"https:\/\/ravintolasarkanlinna.fi\/en\/","logo":{"@type":"ImageObject","inLanguage":"en-US","@id":"https:\/\/ravintolasarkanlinna.fi\/en\/#\/schema\/logo\/image\/","url":"https:\/\/ravintolasarkanlinna.fi\/rs\/wp-content\/uploads\/2022\/02\/sarkanlinna-logo.png","contentUrl":"https:\/\/ravintolasarkanlinna.fi\/rs\/wp-content\/uploads\/2022\/02\/sarkanlinna-logo.png","width":360,"height":53,"caption":"Olo Events Oy"},"image":{"@id":"https:\/\/ravintolasarkanlinna.fi\/en\/#\/schema\/logo\/image\/"},"sameAs":["https:\/\/www.facebook.com\/sarkanlinna","https:\/\/www.instagram.com\/sarkanlinna"]}]}},"_links":{"self":[{"href":"https:\/\/ravintolasarkanlinna.fi\/en\/wp-json\/wp\/v2\/pages\/272","targetHints":{"allow":["GET"]}}],"collection":[{"href":"https:\/\/ravintolasarkanlinna.fi\/en\/wp-json\/wp\/v2\/pages"}],"about":[{"href":"https:\/\/ravintolasarkanlinna.fi\/en\/wp-json\/wp\/v2\/types\/page"}],"author":[{"embeddable":true,"href":"https:\/\/ravintolasarkanlinna.fi\/en\/wp-json\/wp\/v2\/users\/1"}],"replies":[{"embeddable":true,"href":"https:\/\/ravintolasarkanlinna.fi\/en\/wp-json\/wp\/v2\/comments?post=272"}],"version-history":[{"count":6,"href":"https:\/\/ravintolasarkanlinna.fi\/en\/wp-json\/wp\/v2\/pages\/272\/revisions"}],"predecessor-version":[{"id":1145,"href":"https:\/\/ravintolasarkanlinna.fi\/en\/wp-json\/wp\/v2\/pages\/272\/revisions\/1145"}],"wp:attachment":[{"href":"https:\/\/ravintolasarkanlinna.fi\/en\/wp-json\/wp\/v2\/media?parent=272"}],"curies":[{"name":"wp","href":"https:\/\/api.w.org\/{rel}","templated":true}]}}