{"id":290,"date":"2022-02-23T20:06:14","date_gmt":"2022-02-23T18:06:14","guid":{"rendered":"https:\/\/ravintolasarkanlinna.fi\/sarkanlinnan-a-la-carte\/"},"modified":"2025-12-10T18:21:08","modified_gmt":"2025-12-10T16:21:08","slug":"sarkanlinnan-a-la-carte","status":"publish","type":"page","link":"https:\/\/ravintolasarkanlinna.fi\/en\/sarkanlinnan-a-la-carte\/","title":{"rendered":"S\u00e4rk\u00e4nlinnan \u00e0 la carte"},"content":{"rendered":"<div class=\"fusion-fullwidth fullwidth-box fusion-builder-row-1 fusion-flex-container has-pattern-background has-mask-background nonhundred-percent-fullwidth non-hundred-percent-height-scrolling\" style=\"--awb-border-radius-top-left:0px;--awb-border-radius-top-right:0px;--awb-border-radius-bottom-right:0px;--awb-border-radius-bottom-left:0px;--awb-padding-top-small:0px;--awb-padding-right-small:0px;--awb-padding-left-small:0px;--awb-margin-top:55px;--awb-margin-top-small:0px;--awb-flex-wrap:wrap;\" ><div class=\"fusion-builder-row fusion-row fusion-flex-align-items-flex-start fusion-flex-content-wrap\" style=\"max-width:calc( 2560px + );margin-left: calc(- \/ 2 );margin-right: calc(- \/ 2 );\"><div class=\"fusion-layout-column fusion_builder_column fusion-builder-column-0 fusion_builder_column_1_3 1_3 fusion-flex-column fusion-flex-align-self-flex-start\" style=\"--awb-padding-right-small:0px;--awb-padding-left-small:0px;--awb-bg-size:cover;--awb-width-large:33.333333333333%;--awb-margin-top-large:0px;--awb-margin-bottom-large:0px;--awb-width-medium:33.333333333333%;--awb-order-medium:0;--awb-margin-top-medium:8%;--awb-width-small:100%;--awb-order-small:0;--awb-margin-top-small:0px;--awb-spacing-right-small:0px;--awb-spacing-left-small:0px;\" data-scroll-devices=\"small-visibility,medium-visibility,large-visibility\"><div class=\"fusion-column-wrapper fusion-column-has-shadow fusion-flex-justify-content-flex-start fusion-content-layout-column\"><div class=\"fusion-image-element \" style=\"--awb-margin-top:0px;--awb-margin-right:0px;--awb-margin-bottom:25px;--awb-margin-left:0px;--awb-max-width:780px;--awb-caption-title-font-family:var(--h2_typography-font-family);--awb-caption-title-font-weight:var(--h2_typography-font-weight);--awb-caption-title-font-style:var(--h2_typography-font-style);--awb-caption-title-size:var(--h2_typography-font-size);--awb-caption-title-transform:var(--h2_typography-text-transform);--awb-caption-title-line-height:var(--h2_typography-line-height);--awb-caption-title-letter-spacing:var(--h2_typography-letter-spacing);\"><span class=\" fusion-imageframe imageframe-none imageframe-1 hover-type-none\"><img decoding=\"async\" width=\"780\" height=\"922\" alt=\"sarkanlinna-servings\" title=\"S\u00e4rk\u00e4nlinna servings\" src=\"https:\/\/ravintolasarkanlinna.fi\/rs\/wp-content\/uploads\/2024\/05\/sarkanlinna-annokset-3.webp\" data-orig-src=\"https:\/\/ravintolasarkanlinna.fi\/rs\/wp-content\/uploads\/2024\/05\/sarkanlinna-annokset-3.webp\" class=\"lazyload img-responsive wp-image-923\" srcset=\"data:image\/svg+xml,%3Csvg%20xmlns%3D%27http%3A%2F%2Fwww.w3.org%2F2000%2Fsvg%27%20width%3D%27780%27%20height%3D%27922%27%20viewBox%3D%270%200%20780%20922%27%3E%3Crect%20width%3D%27780%27%20height%3D%27922%27%20fill-opacity%3D%220%22%2F%3E%3C%2Fsvg%3E\" data-srcset=\"https:\/\/ravintolasarkanlinna.fi\/rs\/wp-content\/uploads\/2024\/05\/sarkanlinna-annokset-3-200x236.webp 200w, https:\/\/ravintolasarkanlinna.fi\/rs\/wp-content\/uploads\/2024\/05\/sarkanlinna-annokset-3-400x473.webp 400w, https:\/\/ravintolasarkanlinna.fi\/rs\/wp-content\/uploads\/2024\/05\/sarkanlinna-annokset-3-600x709.webp 600w, https:\/\/ravintolasarkanlinna.fi\/rs\/wp-content\/uploads\/2024\/05\/sarkanlinna-annokset-3.webp 780w\" data-sizes=\"auto\" data-orig-sizes=\"(max-width: 640px) 100vw, 780px\" \/><\/span><\/div><div class=\"fusion-image-element fusion-no-small-visibility\" style=\"--awb-margin-bottom:25px;--awb-max-width:780px;--awb-caption-title-font-family:var(--h2_typography-font-family);--awb-caption-title-font-weight:var(--h2_typography-font-weight);--awb-caption-title-font-style:var(--h2_typography-font-style);--awb-caption-title-size:var(--h2_typography-font-size);--awb-caption-title-transform:var(--h2_typography-text-transform);--awb-caption-title-line-height:var(--h2_typography-line-height);--awb-caption-title-letter-spacing:var(--h2_typography-letter-spacing);\"><span class=\" fusion-imageframe imageframe-none imageframe-2 hover-type-none\"><img decoding=\"async\" width=\"780\" height=\"922\" alt=\"sarkanlinna-servings\" title=\"S\u00e4rk\u00e4nlinna servings\" src=\"https:\/\/ravintolasarkanlinna.fi\/rs\/wp-content\/uploads\/2024\/05\/sarkanlinna-annokset-2.webp\" data-orig-src=\"https:\/\/ravintolasarkanlinna.fi\/rs\/wp-content\/uploads\/2024\/05\/sarkanlinna-annokset-2.webp\" class=\"lazyload img-responsive wp-image-921\" srcset=\"data:image\/svg+xml,%3Csvg%20xmlns%3D%27http%3A%2F%2Fwww.w3.org%2F2000%2Fsvg%27%20width%3D%27780%27%20height%3D%27922%27%20viewBox%3D%270%200%20780%20922%27%3E%3Crect%20width%3D%27780%27%20height%3D%27922%27%20fill-opacity%3D%220%22%2F%3E%3C%2Fsvg%3E\" data-srcset=\"https:\/\/ravintolasarkanlinna.fi\/rs\/wp-content\/uploads\/2024\/05\/sarkanlinna-annokset-2-200x236.webp 200w, https:\/\/ravintolasarkanlinna.fi\/rs\/wp-content\/uploads\/2024\/05\/sarkanlinna-annokset-2-400x473.webp 400w, https:\/\/ravintolasarkanlinna.fi\/rs\/wp-content\/uploads\/2024\/05\/sarkanlinna-annokset-2-600x709.webp 600w, https:\/\/ravintolasarkanlinna.fi\/rs\/wp-content\/uploads\/2024\/05\/sarkanlinna-annokset-2.webp 780w\" data-sizes=\"auto\" data-orig-sizes=\"(max-width: 640px) 100vw, 780px\" \/><\/span><\/div><div class=\"fusion-image-element fusion-no-small-visibility\" style=\"--awb-margin-bottom:25px;--awb-max-width:780px;--awb-caption-title-font-family:var(--h2_typography-font-family);--awb-caption-title-font-weight:var(--h2_typography-font-weight);--awb-caption-title-font-style:var(--h2_typography-font-style);--awb-caption-title-size:var(--h2_typography-font-size);--awb-caption-title-transform:var(--h2_typography-text-transform);--awb-caption-title-line-height:var(--h2_typography-line-height);--awb-caption-title-letter-spacing:var(--h2_typography-letter-spacing);\"><span class=\" fusion-imageframe imageframe-none imageframe-3 hover-type-none\"><img decoding=\"async\" width=\"780\" height=\"922\" alt=\"sarkanlinna-servings\" title=\"S\u00e4rk\u00e4nlinna servings\" src=\"https:\/\/ravintolasarkanlinna.fi\/rs\/wp-content\/uploads\/2024\/05\/sarkanlinna-annokset.webp\" data-orig-src=\"https:\/\/ravintolasarkanlinna.fi\/rs\/wp-content\/uploads\/2024\/05\/sarkanlinna-annokset.webp\" class=\"lazyload img-responsive wp-image-919\" srcset=\"data:image\/svg+xml,%3Csvg%20xmlns%3D%27http%3A%2F%2Fwww.w3.org%2F2000%2Fsvg%27%20width%3D%27780%27%20height%3D%27922%27%20viewBox%3D%270%200%20780%20922%27%3E%3Crect%20width%3D%27780%27%20height%3D%27922%27%20fill-opacity%3D%220%22%2F%3E%3C%2Fsvg%3E\" data-srcset=\"https:\/\/ravintolasarkanlinna.fi\/rs\/wp-content\/uploads\/2024\/05\/sarkanlinna-annokset-200x236.webp 200w, https:\/\/ravintolasarkanlinna.fi\/rs\/wp-content\/uploads\/2024\/05\/sarkanlinna-annokset-400x473.webp 400w, https:\/\/ravintolasarkanlinna.fi\/rs\/wp-content\/uploads\/2024\/05\/sarkanlinna-annokset-600x709.webp 600w, https:\/\/ravintolasarkanlinna.fi\/rs\/wp-content\/uploads\/2024\/05\/sarkanlinna-annokset.webp 780w\" data-sizes=\"auto\" data-orig-sizes=\"(max-width: 640px) 100vw, 780px\" \/><\/span><\/div><\/div><\/div><div class=\"fusion-layout-column fusion_builder_column fusion-builder-column-1 fusion_builder_column_2_3 2_3 fusion-flex-column fusion-flex-align-self-flex-start\" style=\"--awb-padding-top:0px;--awb-padding-right:8%;--awb-padding-bottom:8%;--awb-padding-left:8%;--awb-padding-top-medium:8%;--awb-padding-top-small:8%;--awb-bg-size:cover;--awb-width-large:66.666666666667%;--awb-margin-top-large:0px;--awb-margin-bottom-large:0px;--awb-width-medium:66.666666666667%;--awb-order-medium:0;--awb-width-small:100%;--awb-order-small:0;\"><div class=\"fusion-column-wrapper fusion-column-has-shadow fusion-flex-justify-content-flex-start fusion-content-layout-column\"><div class=\"fusion-title title fusion-title-1 fusion-no-medium-visibility fusion-sep-none fusion-title-text fusion-title-size-two\" style=\"--awb-margin-top-small:10px;--awb-margin-right-small:0px;--awb-margin-bottom-small:10px;--awb-margin-left-small:0px;\"><h2 class=\"fusion-title-heading title-heading-left fusion-responsive-typography-calculated\" style=\"margin:0;--fontSize:48;line-height:var(--awb-typography1-line-height);\">S\u00e4rk\u00e4nlinna \u00e0 la carte 2026<\/h2><\/div><div class=\"fusion-title title fusion-title-2 fusion-no-small-visibility fusion-no-large-visibility fusion-sep-none fusion-title-text fusion-title-size-two\" style=\"--awb-margin-top-small:10px;--awb-margin-right-small:0px;--awb-margin-bottom-small:10px;--awb-margin-left-small:0px;--awb-font-size:34px;\"><h2 class=\"fusion-title-heading title-heading-left fusion-responsive-typography-calculated\" style=\"margin:0;font-size:1em;--fontSize:34;line-height:var(--awb-typography1-line-height);\">S\u00e4rk\u00e4nlinna \u00e0 la carte<\/h2><\/div><div class=\"fusion-text fusion-text-1\" style=\"--awb-text-transform:none;\"><h5 class=\"\" style=\"--fontsize: 20; line-height: 1.2;\" data-fontsize=\"20\" data-lineheight=\"24px\"><b>STARTERS<\/b><\/h5>\n<p>Traditional creamy fish soup with archipelago bread 19\u20ac<\/p>\n<p><span data-contrast=\"auto\">\u201dToast skagen\u201d with hand-peeled prawns and roe<\/span> <span data-contrast=\"auto\">23\u20ac<\/span><\/p>\n<p><span data-contrast=\"auto\">Slightly salted rainbow trout with horseradish-dill dressing and marinated cucumber<\/span> <span data-contrast=\"auto\"> 20\u20ac<\/span><\/p>\n<p><span data-contrast=\"auto\">Beef tartare with Dijon mayonnaise and pickled onion<\/span> <span data-contrast=\"auto\">22\u20ac<\/span><\/p>\n<p><span data-contrast=\"auto\">Marinated asparagus with V\u00e4sterbotten cheese and rainbow trout roe<\/span>\u00a0<span data-contrast=\"auto\">21\u20ac<\/span><\/p>\n<p><span data-contrast=\"auto\">Leek soup seasoned with ramson and organic egg <\/span> <span data-contrast=\"auto\">18\u20ac<\/span><\/p>\n<\/div><div class=\"fusion-text fusion-text-2\" style=\"--awb-text-transform:none;\"><h5 class=\"fusion-responsive-typography-calculated\" style=\"--fontsize: 20; line-height: 1.2;\" data-fontsize=\"20\" data-lineheight=\"24px\"><b>MAIN COURSES<\/b><\/h5>\n<p>Traditonal creamy fish soup with archipelago bread 24\u20ac<\/p>\n<p><span data-contrast=\"auto\">Pan seared oyster mushrooms with summer cabbage and horseradish-butter sauce<\/span> <span data-contrast=\"auto\">27\u20ac<\/span><\/p>\n<p><span data-contrast=\"auto\">Smoked salmon with new potatoes and forest mushroom rag\u00fa with roasted garlic<\/span>\u00a0<span data-contrast=\"auto\">35\u20ac<\/span><\/p>\n<p><span data-contrast=\"auto\">Charred whitefish with tarragon flavored carrots and lemon sauce<\/span> <span data-contrast=\"auto\">37\u20ac<\/span><\/p>\n<p><span data-contrast=\"auto\">Glazed neck of lamb with summer peas, buckwheat and lemon thyme sauce<\/span> 31<span data-contrast=\"auto\">\u20ac<\/span><\/p>\n<p><span data-contrast=\"auto\">Pepper steak with green beans, bacon, smashed potatoes and <\/span><span data-contrast=\"auto\">creamy peppercorn sauce<\/span> <span data-contrast=\"auto\">46\u20ac<\/span><\/p>\n<\/div><div class=\"fusion-text fusion-text-3\" style=\"--awb-text-transform:none;\"><h5 class=\"fusion-responsive-typography-calculated\" style=\"--fontsize: 20; line-height: 1.2;\" data-fontsize=\"20\" data-lineheight=\"24px\"><strong>DESSERTS<\/strong><\/h5>\n<p><span data-contrast=\"auto\">Rhubarb pie with milk ice cream<\/span>\u00a0<span data-contrast=\"auto\">16 \u20ac<\/span><\/p>\n<p><span data-contrast=\"auto\">Seabuckthorne berry posset with seabuckthorne-apple compote and crispy marengue 16 \u20ac<\/span><\/p>\n<p><span data-contrast=\"auto\">Seasonal berries with white chocolate mousse and raspberry sorbet <\/span><span data-contrast=\"auto\">16 \u20ac<\/span><\/p>\n<p><span data-contrast=\"auto\">\u00c5land-style pancake with bilberry-thyme jam and honey cream<\/span> <span data-contrast=\"auto\">16 \u20ac<\/span><\/p>\n<\/div><div class=\"fusion-text fusion-text-4\" style=\"--awb-text-transform:none;\"><h5><b>L\u00c5NG\u00d6REN MENU 59 \u20ac<\/b><\/h5>\n<p><span data-contrast=\"auto\">Slightly salted rainbow trout with horseradish-dill dressing and marinated cucumber<\/span> <span data-ccp-props=\"{\">\u00a0<\/span><\/p>\n<p><span data-contrast=\"auto\">Glazed neck of lamb with summer peas, buckwheat and lemon thyme sauce<\/span><span data-ccp-props=\"{\">\u00a0<\/span><\/p>\n<p><span data-contrast=\"auto\">Rhubarb pie with milk ice cream<\/span><span data-ccp-props=\"{\">\u00a0<\/span><\/p>\n<\/div><div class=\"fusion-text fusion-text-5\" style=\"--awb-text-transform:none;\"><h5 class=\"fusion-responsive-typography-calculated\" style=\"--fontsize: 20; line-height: 1.2;\" data-fontsize=\"20\" data-lineheight=\"24px\"><b>MENU BASTIONI &#8211; 80 \u20ac<\/b><\/h5>\n<p>Beef tartare with Dijon-mayonnaise and pickled onion<\/p>\n<p>Leek soup seasoned with ramson and organic egg<\/p>\n<p>Smoked salmon with new potatoes and forest mushroom rag\u00fa with roasted garlic<\/p>\n<p>Seasonal berries with white chocolate mousse and raspberry sorbet<\/p>\n<\/div><\/div><\/div><\/div><\/div>\n","protected":false},"excerpt":{"rendered":"","protected":false},"author":1,"featured_media":0,"parent":0,"menu_order":0,"comment_status":"closed","ping_status":"closed","template":"","meta":{"footnotes":""},"class_list":["post-290","page","type-page","status-publish","hentry"],"yoast_head":"<!-- This site is optimized with the Yoast SEO plugin v27.4 - https:\/\/yoast.com\/product\/yoast-seo-wordpress\/ -->\n<title>S\u00e4rk\u00e4nlinnan \u00e0 la carte - Ravintola S\u00e4rk\u00e4nlinna<\/title>\n<meta name=\"robots\" content=\"index, follow, max-snippet:-1, max-image-preview:large, max-video-preview:-1\" \/>\n<link rel=\"canonical\" href=\"https:\/\/ravintolasarkanlinna.fi\/en\/sarkanlinnan-a-la-carte\/\" \/>\n<meta property=\"og:locale\" content=\"en_US\" \/>\n<meta property=\"og:type\" content=\"article\" \/>\n<meta property=\"og:title\" content=\"S\u00e4rk\u00e4nlinnan \u00e0 la carte - Ravintola S\u00e4rk\u00e4nlinna\" \/>\n<meta property=\"og:url\" content=\"https:\/\/ravintolasarkanlinna.fi\/en\/sarkanlinnan-a-la-carte\/\" \/>\n<meta property=\"og:site_name\" content=\"Ravintola S\u00e4rk\u00e4nlinna\" \/>\n<meta property=\"article:publisher\" content=\"https:\/\/www.facebook.com\/sarkanlinna\" \/>\n<meta property=\"article:modified_time\" content=\"2025-12-10T16:21:08+00:00\" \/>\n<meta name=\"twitter:card\" content=\"summary_large_image\" \/>\n<meta name=\"twitter:label1\" content=\"Est. reading time\" \/>\n\t<meta name=\"twitter:data1\" content=\"3 minutes\" \/>\n<script type=\"application\/ld+json\" class=\"yoast-schema-graph\">{\"@context\":\"https:\\\/\\\/schema.org\",\"@graph\":[{\"@type\":\"WebPage\",\"@id\":\"https:\\\/\\\/ravintolasarkanlinna.fi\\\/en\\\/sarkanlinnan-a-la-carte\\\/\",\"url\":\"https:\\\/\\\/ravintolasarkanlinna.fi\\\/en\\\/sarkanlinnan-a-la-carte\\\/\",\"name\":\"S\u00e4rk\u00e4nlinnan \u00e0 la carte - Ravintola S\u00e4rk\u00e4nlinna\",\"isPartOf\":{\"@id\":\"https:\\\/\\\/ravintolasarkanlinna.fi\\\/en\\\/#website\"},\"datePublished\":\"2022-02-23T18:06:14+00:00\",\"dateModified\":\"2025-12-10T16:21:08+00:00\",\"breadcrumb\":{\"@id\":\"https:\\\/\\\/ravintolasarkanlinna.fi\\\/en\\\/sarkanlinnan-a-la-carte\\\/#breadcrumb\"},\"inLanguage\":\"en-US\",\"potentialAction\":[{\"@type\":\"ReadAction\",\"target\":[\"https:\\\/\\\/ravintolasarkanlinna.fi\\\/en\\\/sarkanlinnan-a-la-carte\\\/\"]}]},{\"@type\":\"BreadcrumbList\",\"@id\":\"https:\\\/\\\/ravintolasarkanlinna.fi\\\/en\\\/sarkanlinnan-a-la-carte\\\/#breadcrumb\",\"itemListElement\":[{\"@type\":\"ListItem\",\"position\":1,\"name\":\"Home\",\"item\":\"https:\\\/\\\/ravintolasarkanlinna.fi\\\/en\\\/\"},{\"@type\":\"ListItem\",\"position\":2,\"name\":\"S\u00e4rk\u00e4nlinnan \u00e0 la carte\"}]},{\"@type\":\"WebSite\",\"@id\":\"https:\\\/\\\/ravintolasarkanlinna.fi\\\/en\\\/#website\",\"url\":\"https:\\\/\\\/ravintolasarkanlinna.fi\\\/en\\\/\",\"name\":\"Ravintola S\u00e4rk\u00e4nlinna\",\"description\":\"Yksi Helsingin rakastetuimpia kes\u00e4ravintoloita\",\"publisher\":{\"@id\":\"https:\\\/\\\/ravintolasarkanlinna.fi\\\/en\\\/#organization\"},\"potentialAction\":[{\"@type\":\"SearchAction\",\"target\":{\"@type\":\"EntryPoint\",\"urlTemplate\":\"https:\\\/\\\/ravintolasarkanlinna.fi\\\/en\\\/?s={search_term_string}\"},\"query-input\":{\"@type\":\"PropertyValueSpecification\",\"valueRequired\":true,\"valueName\":\"search_term_string\"}}],\"inLanguage\":\"en-US\"},{\"@type\":\"Organization\",\"@id\":\"https:\\\/\\\/ravintolasarkanlinna.fi\\\/en\\\/#organization\",\"name\":\"Olo Events Oy\",\"url\":\"https:\\\/\\\/ravintolasarkanlinna.fi\\\/en\\\/\",\"logo\":{\"@type\":\"ImageObject\",\"inLanguage\":\"en-US\",\"@id\":\"https:\\\/\\\/ravintolasarkanlinna.fi\\\/en\\\/#\\\/schema\\\/logo\\\/image\\\/\",\"url\":\"https:\\\/\\\/ravintolasarkanlinna.fi\\\/rs\\\/wp-content\\\/uploads\\\/2022\\\/02\\\/sarkanlinna-logo.png\",\"contentUrl\":\"https:\\\/\\\/ravintolasarkanlinna.fi\\\/rs\\\/wp-content\\\/uploads\\\/2022\\\/02\\\/sarkanlinna-logo.png\",\"width\":360,\"height\":53,\"caption\":\"Olo Events Oy\"},\"image\":{\"@id\":\"https:\\\/\\\/ravintolasarkanlinna.fi\\\/en\\\/#\\\/schema\\\/logo\\\/image\\\/\"},\"sameAs\":[\"https:\\\/\\\/www.facebook.com\\\/sarkanlinna\",\"https:\\\/\\\/www.instagram.com\\\/sarkanlinna\"]}]}<\/script>\n<!-- \/ Yoast SEO plugin. -->","yoast_head_json":{"title":"S\u00e4rk\u00e4nlinnan \u00e0 la carte - Ravintola S\u00e4rk\u00e4nlinna","robots":{"index":"index","follow":"follow","max-snippet":"max-snippet:-1","max-image-preview":"max-image-preview:large","max-video-preview":"max-video-preview:-1"},"canonical":"https:\/\/ravintolasarkanlinna.fi\/en\/sarkanlinnan-a-la-carte\/","og_locale":"en_US","og_type":"article","og_title":"S\u00e4rk\u00e4nlinnan \u00e0 la carte - Ravintola S\u00e4rk\u00e4nlinna","og_url":"https:\/\/ravintolasarkanlinna.fi\/en\/sarkanlinnan-a-la-carte\/","og_site_name":"Ravintola S\u00e4rk\u00e4nlinna","article_publisher":"https:\/\/www.facebook.com\/sarkanlinna","article_modified_time":"2025-12-10T16:21:08+00:00","twitter_card":"summary_large_image","twitter_misc":{"Est. reading time":"3 minutes"},"schema":{"@context":"https:\/\/schema.org","@graph":[{"@type":"WebPage","@id":"https:\/\/ravintolasarkanlinna.fi\/en\/sarkanlinnan-a-la-carte\/","url":"https:\/\/ravintolasarkanlinna.fi\/en\/sarkanlinnan-a-la-carte\/","name":"S\u00e4rk\u00e4nlinnan \u00e0 la carte - Ravintola S\u00e4rk\u00e4nlinna","isPartOf":{"@id":"https:\/\/ravintolasarkanlinna.fi\/en\/#website"},"datePublished":"2022-02-23T18:06:14+00:00","dateModified":"2025-12-10T16:21:08+00:00","breadcrumb":{"@id":"https:\/\/ravintolasarkanlinna.fi\/en\/sarkanlinnan-a-la-carte\/#breadcrumb"},"inLanguage":"en-US","potentialAction":[{"@type":"ReadAction","target":["https:\/\/ravintolasarkanlinna.fi\/en\/sarkanlinnan-a-la-carte\/"]}]},{"@type":"BreadcrumbList","@id":"https:\/\/ravintolasarkanlinna.fi\/en\/sarkanlinnan-a-la-carte\/#breadcrumb","itemListElement":[{"@type":"ListItem","position":1,"name":"Home","item":"https:\/\/ravintolasarkanlinna.fi\/en\/"},{"@type":"ListItem","position":2,"name":"S\u00e4rk\u00e4nlinnan \u00e0 la carte"}]},{"@type":"WebSite","@id":"https:\/\/ravintolasarkanlinna.fi\/en\/#website","url":"https:\/\/ravintolasarkanlinna.fi\/en\/","name":"Ravintola S\u00e4rk\u00e4nlinna","description":"Yksi Helsingin rakastetuimpia kes\u00e4ravintoloita","publisher":{"@id":"https:\/\/ravintolasarkanlinna.fi\/en\/#organization"},"potentialAction":[{"@type":"SearchAction","target":{"@type":"EntryPoint","urlTemplate":"https:\/\/ravintolasarkanlinna.fi\/en\/?s={search_term_string}"},"query-input":{"@type":"PropertyValueSpecification","valueRequired":true,"valueName":"search_term_string"}}],"inLanguage":"en-US"},{"@type":"Organization","@id":"https:\/\/ravintolasarkanlinna.fi\/en\/#organization","name":"Olo Events Oy","url":"https:\/\/ravintolasarkanlinna.fi\/en\/","logo":{"@type":"ImageObject","inLanguage":"en-US","@id":"https:\/\/ravintolasarkanlinna.fi\/en\/#\/schema\/logo\/image\/","url":"https:\/\/ravintolasarkanlinna.fi\/rs\/wp-content\/uploads\/2022\/02\/sarkanlinna-logo.png","contentUrl":"https:\/\/ravintolasarkanlinna.fi\/rs\/wp-content\/uploads\/2022\/02\/sarkanlinna-logo.png","width":360,"height":53,"caption":"Olo Events Oy"},"image":{"@id":"https:\/\/ravintolasarkanlinna.fi\/en\/#\/schema\/logo\/image\/"},"sameAs":["https:\/\/www.facebook.com\/sarkanlinna","https:\/\/www.instagram.com\/sarkanlinna"]}]}},"_links":{"self":[{"href":"https:\/\/ravintolasarkanlinna.fi\/en\/wp-json\/wp\/v2\/pages\/290","targetHints":{"allow":["GET"]}}],"collection":[{"href":"https:\/\/ravintolasarkanlinna.fi\/en\/wp-json\/wp\/v2\/pages"}],"about":[{"href":"https:\/\/ravintolasarkanlinna.fi\/en\/wp-json\/wp\/v2\/types\/page"}],"author":[{"embeddable":true,"href":"https:\/\/ravintolasarkanlinna.fi\/en\/wp-json\/wp\/v2\/users\/1"}],"replies":[{"embeddable":true,"href":"https:\/\/ravintolasarkanlinna.fi\/en\/wp-json\/wp\/v2\/comments?post=290"}],"version-history":[{"count":56,"href":"https:\/\/ravintolasarkanlinna.fi\/en\/wp-json\/wp\/v2\/pages\/290\/revisions"}],"predecessor-version":[{"id":1327,"href":"https:\/\/ravintolasarkanlinna.fi\/en\/wp-json\/wp\/v2\/pages\/290\/revisions\/1327"}],"wp:attachment":[{"href":"https:\/\/ravintolasarkanlinna.fi\/en\/wp-json\/wp\/v2\/media?parent=290"}],"curies":[{"name":"wp","href":"https:\/\/api.w.org\/{rel}","templated":true}]}}