{"id":296,"date":"2025-03-11T16:08:03","date_gmt":"2025-03-11T14:08:03","guid":{"rendered":"https:\/\/ravintolasarkanlinna.fi\/aitienpaivalounas-8-5-2022\/"},"modified":"2026-04-02T20:54:45","modified_gmt":"2026-04-02T17:54:45","slug":"mothers-day-lunch","status":"publish","type":"page","link":"https:\/\/ravintolasarkanlinna.fi\/en\/mothers-day-lunch\/","title":{"rendered":"Mother\u2019s day lunch"},"content":{"rendered":"<p><div class=\"fusion-fullwidth fullwidth-box fusion-builder-row-1 fusion-flex-container nonhundred-percent-fullwidth non-hundred-percent-height-scrolling\" style=\"--awb-border-radius-top-left:0px;--awb-border-radius-top-right:0px;--awb-border-radius-bottom-right:0px;--awb-border-radius-bottom-left:0px;--awb-flex-wrap:wrap;\" ><div class=\"fusion-builder-row fusion-row fusion-flex-align-items-flex-start fusion-flex-justify-content-space-between fusion-flex-content-wrap\" style=\"max-width:calc( 2560px + 0px );margin-left: calc(-0px \/ 2 );margin-right: calc(-0px \/ 2 );\"><div class=\"fusion-layout-column fusion_builder_column fusion-builder-column-0 fusion_builder_column_1_1 1_1 fusion-flex-column\" style=\"--awb-bg-size:cover;--awb-width-large:100%;--awb-margin-top-large:0px;--awb-spacing-right-large:0px;--awb-margin-bottom-large:0px;--awb-spacing-left-large:0px;--awb-width-medium:100%;--awb-order-medium:0;--awb-spacing-right-medium:0px;--awb-spacing-left-medium:0px;--awb-width-small:100%;--awb-order-small:0;--awb-spacing-right-small:0px;--awb-spacing-left-small:0px;\"><div class=\"fusion-column-wrapper fusion-column-has-shadow fusion-flex-justify-content-flex-start fusion-content-layout-column\"><div class=\"fusion-image-element \" style=\"text-align:center;--awb-caption-title-font-family:var(--h2_typography-font-family);--awb-caption-title-font-weight:var(--h2_typography-font-weight);--awb-caption-title-font-style:var(--h2_typography-font-style);--awb-caption-title-size:var(--h2_typography-font-size);--awb-caption-title-transform:var(--h2_typography-text-transform);--awb-caption-title-line-height:var(--h2_typography-line-height);--awb-caption-title-letter-spacing:var(--h2_typography-letter-spacing);\"><span class=\" fusion-imageframe imageframe-none imageframe-1 hover-type-none\"><img decoding=\"async\" width=\"2048\" height=\"942\" title=\"sarkanlinna-aitienpaivaruoka2\" src=\"https:\/\/ravintolasarkanlinna.fi\/rs\/wp-content\/uploads\/2022\/02\/sarkanlinna-aitienpaivaruoka2.webp\" data-orig-src=\"https:\/\/ravintolasarkanlinna.fi\/rs\/wp-content\/uploads\/2022\/02\/sarkanlinna-aitienpaivaruoka2.webp\" alt class=\"lazyload img-responsive wp-image-213\" srcset=\"data:image\/svg+xml,%3Csvg%20xmlns%3D%27http%3A%2F%2Fwww.w3.org%2F2000%2Fsvg%27%20width%3D%272048%27%20height%3D%27942%27%20viewBox%3D%270%200%202048%20942%27%3E%3Crect%20width%3D%272048%27%20height%3D%27942%27%20fill-opacity%3D%220%22%2F%3E%3C%2Fsvg%3E\" data-srcset=\"https:\/\/ravintolasarkanlinna.fi\/rs\/wp-content\/uploads\/2022\/02\/sarkanlinna-aitienpaivaruoka2-200x92.webp 200w, https:\/\/ravintolasarkanlinna.fi\/rs\/wp-content\/uploads\/2022\/02\/sarkanlinna-aitienpaivaruoka2-400x184.webp 400w, https:\/\/ravintolasarkanlinna.fi\/rs\/wp-content\/uploads\/2022\/02\/sarkanlinna-aitienpaivaruoka2-600x276.webp 600w, https:\/\/ravintolasarkanlinna.fi\/rs\/wp-content\/uploads\/2022\/02\/sarkanlinna-aitienpaivaruoka2-800x368.webp 800w, https:\/\/ravintolasarkanlinna.fi\/rs\/wp-content\/uploads\/2022\/02\/sarkanlinna-aitienpaivaruoka2-1200x552.webp 1200w, https:\/\/ravintolasarkanlinna.fi\/rs\/wp-content\/uploads\/2022\/02\/sarkanlinna-aitienpaivaruoka2.webp 2048w\" data-sizes=\"auto\" data-orig-sizes=\"(max-width: 640px) 100vw, 2048px\" \/><\/span><\/div><\/div><\/div><\/div><\/div><div class=\"fusion-fullwidth fullwidth-box fusion-builder-row-2 fusion-flex-container nonhundred-percent-fullwidth non-hundred-percent-height-scrolling\" style=\"--awb-border-radius-top-left:0px;--awb-border-radius-top-right:0px;--awb-border-radius-bottom-right:0px;--awb-border-radius-bottom-left:0px;--awb-flex-wrap:wrap;\" ><div class=\"fusion-builder-row fusion-row fusion-flex-align-items-flex-start fusion-flex-content-wrap\" style=\"max-width:calc( 2560px + );margin-left: calc(- \/ 2 );margin-right: calc(- \/ 2 );\"><div class=\"fusion-layout-column fusion_builder_column fusion-builder-column-1 fusion_builder_column_1_1 1_1 fusion-flex-column\" style=\"--awb-padding-right:14%;--awb-padding-bottom:8%;--awb-padding-left:14%;--awb-padding-top-medium:8%;--awb-padding-top-small:8%;--awb-bg-size:cover;--awb-width-large:100%;--awb-margin-top-large:0px;--awb-margin-bottom-large:0px;--awb-width-medium:100%;--awb-order-medium:0;--awb-width-small:100%;--awb-order-small:0;\" data-scroll-devices=\"small-visibility,medium-visibility,large-visibility\"><div class=\"fusion-column-wrapper fusion-column-has-shadow fusion-flex-justify-content-flex-start fusion-content-layout-column\"><div class=\"fusion-title title fusion-title-1 fusion-sep-none fusion-title-center fusion-title-text fusion-title-size-two\" style=\"--awb-margin-bottom:1.1em;--awb-margin-top-small:10px;--awb-margin-right-small:0px;--awb-margin-bottom-small:1.1em;--awb-margin-left-small:0px;\"><h2 class=\"fusion-title-heading title-heading-center fusion-responsive-typography-calculated\" style=\"margin:0;--fontSize:48;line-height:var(--awb-typography1-line-height);\"><p>S\u00e4rk\u00e4nlinna&#8217;s Mother\u2019s day lunch<br \/>\n\u2013 a unique experience for a gift<\/p><\/h2><\/div><div class=\"fusion-text fusion-text-1\" style=\"--awb-content-alignment:center;--awb-text-transform:none;\"><p>Welcome to a memorable Mother&#8217;s Day lunch on S\u00e4rkk\u00e4 Island, the most beautiful restaurant in Helsinki!<br \/>\nOur archipelago styled menu consists of spring flavours that are sure to delight both mum and the entire family.<\/p>\n<p>The perfect gift for the most wonderful experience of May!<\/p>\n<h3><\/h3>\n<\/div><div style=\"text-align:center;\"><a class=\"fusion-button button-flat fusion-button-default-size button-default fusion-button-default button-1 fusion-button-default-span fusion-button-default-type\" target=\"_blank\" rel=\"noopener noreferrer\" href=\"https:\/\/book.dinnerbooking.com\/fi\/en-US\/book\/table\/pax\/3135\/2\"><span class=\"fusion-button-text awb-button__text awb-button__text--default\">Book a table<\/span><\/a><\/div><div class=\"fusion-text fusion-text-2 fusion-text-no-margin\" style=\"--awb-content-alignment:center;--awb-text-transform:none;--awb-margin-bottom:5%;\"><h3>Mother\u2019s Day lunch<br \/>\nMenu 59\u20ac<\/h3>\n<p>Reservations for Mother\u2019s Day lunch can be made for between 11.30 am and 4 pm. The restaurant is open until 6 pm.<br \/>\nReservation time is 2.5 hours.<\/p>\n<h4><\/h4>\n<h5><strong>STARTERS<\/strong><\/h5>\n<p>Marinated asparagus with V\u00e4sterbotten cheese and rainbow trout roe<br \/>\n<em>&#8212; Or &#8212;<\/em><br \/>\nToast Skagen with hand-peeled prawns, soft-boiled egg and roe<\/p>\n<h5><strong>MAIN COURSES<\/strong><\/h5>\n<p>Charred whitefish with tarragon carrots and lemon butter sauce<br \/>\n<em>&#8212; Or &#8212;<\/em><br \/>\nSpring lamb Wallenberg with peas and lemon thyme sauce<\/p>\n<h5><strong>DESSERT<\/strong><\/h5>\n<p>Rhubarb pie with yoghurt sorbet<\/p>\n<h5><strong>CHILDREN&#8217;S PRICE<\/strong><\/h5>\n<p>Mother&#8217;s Day lunch 59 \u20ac<br \/>\n0 \u2013 4 years FREE<br \/>\n5 \u2013 12 years 50%<\/p>\n<h5><strong>CHILDREN&#8217;S MENU 19 \u20ac<\/strong><\/h5>\n<p>Pan-fried white fish with early potatoes and butter sauce<br \/>\nSeasonal berries with vanilla ice cream<\/p>\n<\/div><div style=\"text-align:center;\"><a class=\"fusion-button button-flat fusion-button-default-size button-default fusion-button-default button-2 fusion-button-default-span fusion-button-default-type\" target=\"_blank\" rel=\"noopener noreferrer\" href=\"https:\/\/book.dinnerbooking.com\/fi\/en-US\/book\/table\/pax\/3135\/2\"><span class=\"fusion-button-text awb-button__text awb-button__text--default\">Book a table<\/span><\/a><\/div><\/div><\/div><\/div><\/div><\/p>\n","protected":false},"excerpt":{"rendered":"","protected":false},"author":1,"featured_media":0,"parent":0,"menu_order":0,"comment_status":"closed","ping_status":"closed","template":"","meta":{"footnotes":""},"class_list":["post-296","page","type-page","status-publish","hentry"],"yoast_head":"<!-- This site is optimized with the Yoast SEO plugin v27.3 - https:\/\/yoast.com\/product\/yoast-seo-wordpress\/ -->\n<title>Mother\u2019s day lunch - Ravintola S\u00e4rk\u00e4nlinna<\/title>\n<meta name=\"description\" content=\"Mother&#039;s Day lunch, 10.05. on S\u00e4rkk\u00e4 Island! Spring flavours to delight both mum and the whole family. The most wonderful experience of May!\" \/>\n<meta name=\"robots\" content=\"index, follow, max-snippet:-1, max-image-preview:large, max-video-preview:-1\" \/>\n<link rel=\"canonical\" href=\"https:\/\/ravintolasarkanlinna.fi\/en\/mothers-day-lunch\/\" \/>\n<meta property=\"og:locale\" content=\"en_US\" \/>\n<meta property=\"og:type\" content=\"article\" \/>\n<meta property=\"og:title\" content=\"Mother\u2019s day lunch - Ravintola S\u00e4rk\u00e4nlinna\" \/>\n<meta property=\"og:description\" content=\"Mother&#039;s Day lunch, 10.05. on S\u00e4rkk\u00e4 Island! Spring flavours to delight both mum and the whole family. The most wonderful experience of May!\" \/>\n<meta property=\"og:url\" content=\"https:\/\/ravintolasarkanlinna.fi\/en\/mothers-day-lunch\/\" \/>\n<meta property=\"og:site_name\" content=\"Ravintola S\u00e4rk\u00e4nlinna\" \/>\n<meta property=\"article:publisher\" content=\"https:\/\/www.facebook.com\/sarkanlinna\" \/>\n<meta property=\"article:modified_time\" content=\"2026-04-02T17:54:45+00:00\" \/>\n<meta name=\"twitter:card\" content=\"summary_large_image\" \/>\n<meta name=\"twitter:label1\" content=\"Est. reading time\" \/>\n\t<meta name=\"twitter:data1\" content=\"1 minute\" \/>\n<script type=\"application\/ld+json\" class=\"yoast-schema-graph\">{\"@context\":\"https:\\\/\\\/schema.org\",\"@graph\":[{\"@type\":\"WebPage\",\"@id\":\"https:\\\/\\\/ravintolasarkanlinna.fi\\\/en\\\/mothers-day-lunch\\\/\",\"url\":\"https:\\\/\\\/ravintolasarkanlinna.fi\\\/en\\\/mothers-day-lunch\\\/\",\"name\":\"Mother\u2019s day lunch - Ravintola S\u00e4rk\u00e4nlinna\",\"isPartOf\":{\"@id\":\"https:\\\/\\\/ravintolasarkanlinna.fi\\\/en\\\/#website\"},\"datePublished\":\"2025-03-11T14:08:03+00:00\",\"dateModified\":\"2026-04-02T17:54:45+00:00\",\"description\":\"Mother's Day lunch, 10.05. on S\u00e4rkk\u00e4 Island! Spring flavours to delight both mum and the whole family. The most wonderful experience of May!\",\"breadcrumb\":{\"@id\":\"https:\\\/\\\/ravintolasarkanlinna.fi\\\/en\\\/mothers-day-lunch\\\/#breadcrumb\"},\"inLanguage\":\"en-US\",\"potentialAction\":[{\"@type\":\"ReadAction\",\"target\":[\"https:\\\/\\\/ravintolasarkanlinna.fi\\\/en\\\/mothers-day-lunch\\\/\"]}]},{\"@type\":\"BreadcrumbList\",\"@id\":\"https:\\\/\\\/ravintolasarkanlinna.fi\\\/en\\\/mothers-day-lunch\\\/#breadcrumb\",\"itemListElement\":[{\"@type\":\"ListItem\",\"position\":1,\"name\":\"Home\",\"item\":\"https:\\\/\\\/ravintolasarkanlinna.fi\\\/en\\\/\"},{\"@type\":\"ListItem\",\"position\":2,\"name\":\"Mother\u2019s day lunch\"}]},{\"@type\":\"WebSite\",\"@id\":\"https:\\\/\\\/ravintolasarkanlinna.fi\\\/en\\\/#website\",\"url\":\"https:\\\/\\\/ravintolasarkanlinna.fi\\\/en\\\/\",\"name\":\"Ravintola S\u00e4rk\u00e4nlinna\",\"description\":\"Yksi Helsingin rakastetuimpia kes\u00e4ravintoloita\",\"publisher\":{\"@id\":\"https:\\\/\\\/ravintolasarkanlinna.fi\\\/en\\\/#organization\"},\"potentialAction\":[{\"@type\":\"SearchAction\",\"target\":{\"@type\":\"EntryPoint\",\"urlTemplate\":\"https:\\\/\\\/ravintolasarkanlinna.fi\\\/en\\\/?s={search_term_string}\"},\"query-input\":{\"@type\":\"PropertyValueSpecification\",\"valueRequired\":true,\"valueName\":\"search_term_string\"}}],\"inLanguage\":\"en-US\"},{\"@type\":\"Organization\",\"@id\":\"https:\\\/\\\/ravintolasarkanlinna.fi\\\/en\\\/#organization\",\"name\":\"Olo Events Oy\",\"url\":\"https:\\\/\\\/ravintolasarkanlinna.fi\\\/en\\\/\",\"logo\":{\"@type\":\"ImageObject\",\"inLanguage\":\"en-US\",\"@id\":\"https:\\\/\\\/ravintolasarkanlinna.fi\\\/en\\\/#\\\/schema\\\/logo\\\/image\\\/\",\"url\":\"https:\\\/\\\/ravintolasarkanlinna.fi\\\/rs\\\/wp-content\\\/uploads\\\/2022\\\/02\\\/sarkanlinna-logo.png\",\"contentUrl\":\"https:\\\/\\\/ravintolasarkanlinna.fi\\\/rs\\\/wp-content\\\/uploads\\\/2022\\\/02\\\/sarkanlinna-logo.png\",\"width\":360,\"height\":53,\"caption\":\"Olo Events Oy\"},\"image\":{\"@id\":\"https:\\\/\\\/ravintolasarkanlinna.fi\\\/en\\\/#\\\/schema\\\/logo\\\/image\\\/\"},\"sameAs\":[\"https:\\\/\\\/www.facebook.com\\\/sarkanlinna\",\"https:\\\/\\\/www.instagram.com\\\/sarkanlinna\"]}]}<\/script>\n<!-- \/ Yoast SEO plugin. -->","yoast_head_json":{"title":"Mother\u2019s day lunch - Ravintola S\u00e4rk\u00e4nlinna","description":"Mother's Day lunch, 10.05. on S\u00e4rkk\u00e4 Island! Spring flavours to delight both mum and the whole family. The most wonderful experience of May!","robots":{"index":"index","follow":"follow","max-snippet":"max-snippet:-1","max-image-preview":"max-image-preview:large","max-video-preview":"max-video-preview:-1"},"canonical":"https:\/\/ravintolasarkanlinna.fi\/en\/mothers-day-lunch\/","og_locale":"en_US","og_type":"article","og_title":"Mother\u2019s day lunch - Ravintola S\u00e4rk\u00e4nlinna","og_description":"Mother's Day lunch, 10.05. on S\u00e4rkk\u00e4 Island! Spring flavours to delight both mum and the whole family. The most wonderful experience of May!","og_url":"https:\/\/ravintolasarkanlinna.fi\/en\/mothers-day-lunch\/","og_site_name":"Ravintola S\u00e4rk\u00e4nlinna","article_publisher":"https:\/\/www.facebook.com\/sarkanlinna","article_modified_time":"2026-04-02T17:54:45+00:00","twitter_card":"summary_large_image","twitter_misc":{"Est. reading time":"1 minute"},"schema":{"@context":"https:\/\/schema.org","@graph":[{"@type":"WebPage","@id":"https:\/\/ravintolasarkanlinna.fi\/en\/mothers-day-lunch\/","url":"https:\/\/ravintolasarkanlinna.fi\/en\/mothers-day-lunch\/","name":"Mother\u2019s day lunch - Ravintola S\u00e4rk\u00e4nlinna","isPartOf":{"@id":"https:\/\/ravintolasarkanlinna.fi\/en\/#website"},"datePublished":"2025-03-11T14:08:03+00:00","dateModified":"2026-04-02T17:54:45+00:00","description":"Mother's Day lunch, 10.05. on S\u00e4rkk\u00e4 Island! Spring flavours to delight both mum and the whole family. The most wonderful experience of May!","breadcrumb":{"@id":"https:\/\/ravintolasarkanlinna.fi\/en\/mothers-day-lunch\/#breadcrumb"},"inLanguage":"en-US","potentialAction":[{"@type":"ReadAction","target":["https:\/\/ravintolasarkanlinna.fi\/en\/mothers-day-lunch\/"]}]},{"@type":"BreadcrumbList","@id":"https:\/\/ravintolasarkanlinna.fi\/en\/mothers-day-lunch\/#breadcrumb","itemListElement":[{"@type":"ListItem","position":1,"name":"Home","item":"https:\/\/ravintolasarkanlinna.fi\/en\/"},{"@type":"ListItem","position":2,"name":"Mother\u2019s day lunch"}]},{"@type":"WebSite","@id":"https:\/\/ravintolasarkanlinna.fi\/en\/#website","url":"https:\/\/ravintolasarkanlinna.fi\/en\/","name":"Ravintola S\u00e4rk\u00e4nlinna","description":"Yksi Helsingin rakastetuimpia kes\u00e4ravintoloita","publisher":{"@id":"https:\/\/ravintolasarkanlinna.fi\/en\/#organization"},"potentialAction":[{"@type":"SearchAction","target":{"@type":"EntryPoint","urlTemplate":"https:\/\/ravintolasarkanlinna.fi\/en\/?s={search_term_string}"},"query-input":{"@type":"PropertyValueSpecification","valueRequired":true,"valueName":"search_term_string"}}],"inLanguage":"en-US"},{"@type":"Organization","@id":"https:\/\/ravintolasarkanlinna.fi\/en\/#organization","name":"Olo Events Oy","url":"https:\/\/ravintolasarkanlinna.fi\/en\/","logo":{"@type":"ImageObject","inLanguage":"en-US","@id":"https:\/\/ravintolasarkanlinna.fi\/en\/#\/schema\/logo\/image\/","url":"https:\/\/ravintolasarkanlinna.fi\/rs\/wp-content\/uploads\/2022\/02\/sarkanlinna-logo.png","contentUrl":"https:\/\/ravintolasarkanlinna.fi\/rs\/wp-content\/uploads\/2022\/02\/sarkanlinna-logo.png","width":360,"height":53,"caption":"Olo Events Oy"},"image":{"@id":"https:\/\/ravintolasarkanlinna.fi\/en\/#\/schema\/logo\/image\/"},"sameAs":["https:\/\/www.facebook.com\/sarkanlinna","https:\/\/www.instagram.com\/sarkanlinna"]}]}},"_links":{"self":[{"href":"https:\/\/ravintolasarkanlinna.fi\/en\/wp-json\/wp\/v2\/pages\/296","targetHints":{"allow":["GET"]}}],"collection":[{"href":"https:\/\/ravintolasarkanlinna.fi\/en\/wp-json\/wp\/v2\/pages"}],"about":[{"href":"https:\/\/ravintolasarkanlinna.fi\/en\/wp-json\/wp\/v2\/types\/page"}],"author":[{"embeddable":true,"href":"https:\/\/ravintolasarkanlinna.fi\/en\/wp-json\/wp\/v2\/users\/1"}],"replies":[{"embeddable":true,"href":"https:\/\/ravintolasarkanlinna.fi\/en\/wp-json\/wp\/v2\/comments?post=296"}],"version-history":[{"count":29,"href":"https:\/\/ravintolasarkanlinna.fi\/en\/wp-json\/wp\/v2\/pages\/296\/revisions"}],"predecessor-version":[{"id":1409,"href":"https:\/\/ravintolasarkanlinna.fi\/en\/wp-json\/wp\/v2\/pages\/296\/revisions\/1409"}],"wp:attachment":[{"href":"https:\/\/ravintolasarkanlinna.fi\/en\/wp-json\/wp\/v2\/media?parent=296"}],"curies":[{"name":"wp","href":"https:\/\/api.w.org\/{rel}","templated":true}]}}