{"id":439,"date":"2022-06-07T13:23:34","date_gmt":"2022-06-07T10:23:34","guid":{"rendered":"https:\/\/ravintolasarkanlinna.fi\/rapujuhlat-sarkanlinnassa-21-7-2022\/"},"modified":"2026-03-08T14:48:40","modified_gmt":"2026-03-08T12:48:40","slug":"crayfish-party-at-sarkanlinna","status":"publish","type":"page","link":"https:\/\/ravintolasarkanlinna.fi\/en\/crayfish-party-at-sarkanlinna\/","title":{"rendered":"Crayfish party at S\u00e4rk\u00e4nlinna"},"content":{"rendered":"<p><div class=\"fusion-fullwidth fullwidth-box fusion-builder-row-1 fusion-flex-container nonhundred-percent-fullwidth non-hundred-percent-height-scrolling\" style=\"--awb-border-radius-top-left:0px;--awb-border-radius-top-right:0px;--awb-border-radius-bottom-right:0px;--awb-border-radius-bottom-left:0px;--awb-flex-wrap:wrap;\" ><div class=\"fusion-builder-row fusion-row fusion-flex-align-items-flex-start fusion-flex-justify-content-space-between fusion-flex-content-wrap\" style=\"max-width:calc( 2560px + 0px );margin-left: calc(-0px \/ 2 );margin-right: calc(-0px \/ 2 );\"><div class=\"fusion-layout-column fusion_builder_column fusion-builder-column-0 fusion_builder_column_1_1 1_1 fusion-flex-column\" style=\"--awb-bg-size:cover;--awb-width-large:100%;--awb-margin-top-large:0px;--awb-spacing-right-large:0px;--awb-margin-bottom-large:0px;--awb-spacing-left-large:0px;--awb-width-medium:100%;--awb-order-medium:0;--awb-spacing-right-medium:0px;--awb-spacing-left-medium:0px;--awb-width-small:100%;--awb-order-small:0;--awb-spacing-right-small:0px;--awb-spacing-left-small:0px;\"><div class=\"fusion-column-wrapper fusion-column-has-shadow fusion-flex-justify-content-flex-start fusion-content-layout-column\"><div class=\"fusion-image-element \" style=\"text-align:center;--awb-caption-title-font-family:var(--h2_typography-font-family);--awb-caption-title-font-weight:var(--h2_typography-font-weight);--awb-caption-title-font-style:var(--h2_typography-font-style);--awb-caption-title-size:var(--h2_typography-font-size);--awb-caption-title-transform:var(--h2_typography-text-transform);--awb-caption-title-line-height:var(--h2_typography-line-height);--awb-caption-title-letter-spacing:var(--h2_typography-letter-spacing);\"><span class=\" fusion-imageframe imageframe-none imageframe-1 hover-type-none\"><img decoding=\"async\" width=\"2030\" height=\"888\" alt=\"rapujuhlat \" title=\"rapujuhlat\" src=\"https:\/\/ravintolasarkanlinna.fi\/rs\/wp-content\/uploads\/2022\/06\/rapujuhlat-1.webp\" data-orig-src=\"https:\/\/ravintolasarkanlinna.fi\/rs\/wp-content\/uploads\/2022\/06\/rapujuhlat-1.webp\" class=\"lazyload img-responsive wp-image-402\" srcset=\"data:image\/svg+xml,%3Csvg%20xmlns%3D%27http%3A%2F%2Fwww.w3.org%2F2000%2Fsvg%27%20width%3D%272030%27%20height%3D%27888%27%20viewBox%3D%270%200%202030%20888%27%3E%3Crect%20width%3D%272030%27%20height%3D%27888%27%20fill-opacity%3D%220%22%2F%3E%3C%2Fsvg%3E\" data-srcset=\"https:\/\/ravintolasarkanlinna.fi\/rs\/wp-content\/uploads\/2022\/06\/rapujuhlat-1-200x87.webp 200w, https:\/\/ravintolasarkanlinna.fi\/rs\/wp-content\/uploads\/2022\/06\/rapujuhlat-1-400x175.webp 400w, https:\/\/ravintolasarkanlinna.fi\/rs\/wp-content\/uploads\/2022\/06\/rapujuhlat-1-600x262.webp 600w, https:\/\/ravintolasarkanlinna.fi\/rs\/wp-content\/uploads\/2022\/06\/rapujuhlat-1-800x350.webp 800w, https:\/\/ravintolasarkanlinna.fi\/rs\/wp-content\/uploads\/2022\/06\/rapujuhlat-1-1200x525.webp 1200w, https:\/\/ravintolasarkanlinna.fi\/rs\/wp-content\/uploads\/2022\/06\/rapujuhlat-1.webp 2030w\" data-sizes=\"auto\" data-orig-sizes=\"(max-width: 640px) 100vw, 2030px\" \/><\/span><\/div><\/div><\/div><\/div><\/div><div class=\"fusion-fullwidth fullwidth-box fusion-builder-row-2 fusion-flex-container nonhundred-percent-fullwidth non-hundred-percent-height-scrolling\" style=\"--awb-border-radius-top-left:0px;--awb-border-radius-top-right:0px;--awb-border-radius-bottom-right:0px;--awb-border-radius-bottom-left:0px;--awb-padding-top:3%;--awb-flex-wrap:wrap;\" ><div class=\"fusion-builder-row fusion-row fusion-flex-align-items-flex-start fusion-flex-content-wrap\" style=\"max-width:calc( 2560px + );margin-left: calc(- \/ 2 );margin-right: calc(- \/ 2 );\"><div class=\"fusion-layout-column fusion_builder_column fusion-builder-column-1 fusion_builder_column_1_4 1_4 fusion-flex-column\" style=\"--awb-padding-right:8%;--awb-padding-bottom:8%;--awb-padding-left:8%;--awb-padding-top-medium:8%;--awb-padding-top-small:8%;--awb-bg-size:cover;--awb-width-large:25%;--awb-margin-top-large:0px;--awb-margin-bottom-large:0px;--awb-width-medium:25%;--awb-order-medium:0;--awb-width-small:100%;--awb-order-small:0;\"><div class=\"fusion-column-wrapper fusion-column-has-shadow fusion-flex-justify-content-flex-start fusion-content-layout-column\"><\/div><\/div><div class=\"fusion-layout-column fusion_builder_column fusion-builder-column-2 fusion_builder_column_1_2 1_2 fusion-flex-column\" style=\"--awb-padding-right:8%;--awb-padding-left:8%;--awb-padding-top-medium:8%;--awb-padding-top-small:8%;--awb-padding-right-small:4%;--awb-padding-left-small:4%;--awb-bg-size:cover;--awb-width-large:50%;--awb-margin-top-large:0px;--awb-margin-bottom-large:0px;--awb-width-medium:50%;--awb-order-medium:0;--awb-width-small:100%;--awb-order-small:0;\" data-scroll-devices=\"small-visibility,medium-visibility,large-visibility\"><div class=\"fusion-column-wrapper fusion-column-has-shadow fusion-flex-justify-content-flex-start fusion-content-layout-column\"><div class=\"fusion-title title fusion-title-1 fusion-sep-none fusion-title-center fusion-title-text fusion-title-size-three\" style=\"--awb-margin-top-small:10px;--awb-margin-right-small:0px;--awb-margin-bottom-small:10px;--awb-margin-left-small:0px;\"><h3 class=\"fusion-title-heading title-heading-center fusion-responsive-typography-calculated\" style=\"margin:0;--fontSize:36;line-height:var(--awb-typography1-line-height);\"><p>Crayfish party at S\u00e4rk\u00e4nlinna<br \/>\nThe season begins on 22 July 2026<\/p><\/h3><\/div><div class=\"fusion-text fusion-text-1 fusion-text-no-margin\" style=\"--awb-content-alignment:center;--awb-text-transform:none;--awb-margin-top:3%;--awb-margin-right:10%;--awb-margin-bottom:5%;--awb-margin-left:10%;\"><p>Crayfish parties are about having fun and spending time with friends \u2013 a celebration of joy, laughter and the cool evenings of late summer. Finnish noble crayfish or signal crayfish are naturally the centrepiece of the table.<\/p>\n<p>There is no right way to organise a crayfish party, and there is no need to stress: a crayfish party is always about delicious crayfish and good company.<\/p>\n<\/div><div style=\"text-align:center;\"><a class=\"fusion-button button-flat fusion-button-default-size button-default fusion-button-default button-1 fusion-button-default-span fusion-button-default-type\" style=\"--awb-margin-bottom:5%;\" target=\"_blank\" rel=\"noopener noreferrer\" href=\"https:\/\/book.dinnerbooking.com\/fi\/en-US\/book\/table\/pax\/3135\/2\"><span class=\"fusion-button-text awb-button__text awb-button__text--default\">Book a table<\/span><\/a><\/div><div style=\"text-align:center;\"><a class=\"fusion-button button-flat fusion-button-default-size button-default fusion-button-default button-2 fusion-button-default-span fusion-button-default-type\" target=\"_self\" href=\"https:\/\/ravintolasarkanlinna.fi\/en\/group-reservation-enquiry\/\"><span class=\"fusion-button-text awb-button__text awb-button__text--default\">Request a quote<\/span><\/a><\/div><div class=\"fusion-alert alert notice alert-warning fusion-alert-center awb-alert-native-link-color\" style=\"--awb-margin-top:6%;\" role=\"alert\"><div class=\"fusion-alert-content-wrapper\"><span class=\"alert-icon\"><i class=\"awb-icon-cog\" aria-hidden=\"true\"><\/i><\/span><span class=\"fusion-alert-content\"><strong>CRAYFISH AND CRAYFISH MENUS ARE SERVED BY RESERVATION ONLY<\/strong><\/span><\/div><\/div><\/div><\/div><div class=\"fusion-layout-column fusion_builder_column fusion-builder-column-3 fusion_builder_column_1_4 1_4 fusion-flex-column fusion-no-small-visibility\" style=\"--awb-padding-right:8%;--awb-padding-bottom:8%;--awb-padding-left:8%;--awb-padding-top-medium:8%;--awb-padding-top-small:8%;--awb-bg-size:cover;--awb-width-large:25%;--awb-margin-top-large:0px;--awb-margin-bottom-large:0px;--awb-width-medium:25%;--awb-order-medium:0;--awb-width-small:100%;--awb-order-small:0;\"><div class=\"fusion-column-wrapper fusion-column-has-shadow fusion-flex-justify-content-flex-start fusion-content-layout-column\"><\/div><\/div><div class=\"fusion-layout-column fusion_builder_column fusion-builder-column-4 fusion_builder_column_1_1 1_1 fusion-flex-column\" style=\"--awb-padding-right:8%;--awb-padding-bottom:8%;--awb-padding-left:8%;--awb-padding-top-medium:8%;--awb-padding-top-small:8%;--awb-padding-right-small:4%;--awb-padding-left-small:4%;--awb-bg-size:cover;--awb-width-large:100%;--awb-margin-top-large:0px;--awb-margin-bottom-large:0px;--awb-width-medium:100%;--awb-order-medium:0;--awb-width-small:100%;--awb-order-small:0;\" data-scroll-devices=\"small-visibility,medium-visibility,large-visibility\"><div class=\"fusion-column-wrapper fusion-column-has-shadow fusion-flex-justify-content-flex-start fusion-content-layout-column\"><div class=\"fusion-text fusion-text-2 fusion-text-no-margin\" style=\"--awb-content-alignment:center;--awb-text-transform:none;--awb-margin-bottom:4%;\"><h5><strong>COCKTAIL BITES WITH APERITIF \u2013 6.80 \u20ac per piece<\/strong><\/h5>\n<p>\u200bTrout roe with sour cream\u200b<br \/>\nPoultry liver mousse and brioche\u200b<br \/>\nV\u00e4sterbotten cheese and onion\u200b<\/p>\n<p><strong>CRAYFISH\u200b<\/strong><\/p>\n<p>We serve both noble crayfish and signal crayfish traditionally cooked with toast, butter and dill.\u200b<\/p>\n<p><strong>SIGNAL CRAYFISH\u200b<\/strong><\/p>\n<p><strong>According to WWF the best choice is signal crayfish catched from Finnish waters.<\/strong><br \/>\n<strong>Therefore we favor signal crayfish in our selection.<\/strong><br \/>\nRestaurant S\u00e4rk\u00e4nlinna\u00b4s signal crayfish are always selected Finnish signal crayfish.\u200b<br \/>\nOur impressive crayfish platter always has crayfish over 11 cm in size.\u200b<br \/>\nAs an appetizer we recommend 10-12 crayfish\/guest.\u200b<br \/>\nFor selected signal crayfish we charge the price of the day.\u200b<\/p>\n<p><strong>FINNISH NOBLE CRAYFISH\u200b<\/strong><\/p>\n<p><strong>WWF has changed the noble crayfish classification from endangered to very endangered.<\/strong><br \/>\n<strong>The availability of Finnish noble crayfish is nowadays limited and this affects highly on prices.<\/strong><\/p>\n<p>\u200bRestaurant S\u00e4rk\u00e4nlinna\u00b4s crayfish are always selected Finnish noble crayfish.\u200b<br \/>\nOur impressive crayfish platter has mainly crayfish sized 10,5 \u2013 11 cm.\u200b<br \/>\nAs an appetizer we recommend 6-12 crayfish\/guest.\u200b<br \/>\nFor selected noble crayfish we charge the price of the day.<\/p>\n<p><strong>CRAYFISH MENU<\/strong><br \/>\nThe main course determines the price of the menu (includes main course and dessert) \u200b+ noble crayfish or signal crayfish by the price of the day.<br \/>\nCrayfish according to your order, toast, dill and butter\u200b<\/p>\n<p><strong>MAIN COURSE<\/strong><\/p>\n<p><span data-contrast=\"auto\">Pan seared maitake mushrooms with buckwheat and horseradish-butter sauce<\/span> 39<span data-contrast=\"auto\">\u20ac<br \/>\n<\/span><span data-contrast=\"auto\">Smoked salmon with spring potatoes and mushroom rag\u00fa<\/span> 45<span data-contrast=\"auto\">\u20ac<br \/>\n<\/span>Pepper steak, green beans with bacon, fried potatoes and creamy pepper sauce 54\u20ac\u200b<\/p>\n<p><strong>\u200bDESSERT \u200b<\/strong><\/p>\n<p>Milk chocolate mousse and juiced berries\u200b<\/p>\n<p>\u200b<br \/>\nThe billing foundation for crayfish is the confirmation of guests 3 working days before the event. \u200b<\/p>\n<p><strong>\u200bFOR THE SETTING BREAK\u200b<\/strong><\/p>\n<p>S\u00e4rkk\u00e4\u00b4s Negroni\u00a0 16,00\u20ac\u200b<\/p>\n<p><strong>\u200bIN ADDITION\u200b<\/strong><\/p>\n<p>Seasonal soup\u2013 Forest mushroom soup with apple 18,00\u20ac<\/p>\n<\/div><div style=\"text-align:center;\"><a class=\"fusion-button button-flat fusion-button-default-size button-default fusion-button-default button-3 fusion-button-default-span fusion-button-default-type\" target=\"_blank\" rel=\"noopener noreferrer\" href=\"https:\/\/book.dinnerbooking.com\/fi\/en-US\/book\/table\/pax\/3135\/2\"><span class=\"fusion-button-text awb-button__text awb-button__text--default\">Book a table<\/span><\/a><\/div><\/div><\/div><\/div><\/div><\/p>\n","protected":false},"excerpt":{"rendered":"","protected":false},"author":1,"featured_media":0,"parent":0,"menu_order":0,"comment_status":"closed","ping_status":"closed","template":"","meta":{"footnotes":""},"class_list":["post-439","page","type-page","status-publish","hentry"],"yoast_head":"<!-- This site is optimized with the Yoast SEO plugin v27.4 - https:\/\/yoast.com\/product\/yoast-seo-wordpress\/ -->\n<title>Crayfish party at S\u00e4rk\u00e4nlinna - Ravintola S\u00e4rk\u00e4nlinna<\/title>\n<meta name=\"description\" content=\"Crayfish party at S\u00e4rk\u00e4nlinna 22.7.2026. A crayfish party is always about delicious crayfish and good company.\" \/>\n<meta name=\"robots\" content=\"index, follow, max-snippet:-1, max-image-preview:large, max-video-preview:-1\" \/>\n<link rel=\"canonical\" href=\"https:\/\/ravintolasarkanlinna.fi\/en\/crayfish-party-at-sarkanlinna\/\" \/>\n<meta property=\"og:locale\" content=\"en_US\" \/>\n<meta property=\"og:type\" content=\"article\" \/>\n<meta property=\"og:title\" content=\"Crayfish party at S\u00e4rk\u00e4nlinna - Ravintola S\u00e4rk\u00e4nlinna\" \/>\n<meta property=\"og:description\" content=\"Crayfish party at S\u00e4rk\u00e4nlinna 22.7.2026. A crayfish party is always about delicious crayfish and good company.\" \/>\n<meta property=\"og:url\" content=\"https:\/\/ravintolasarkanlinna.fi\/en\/crayfish-party-at-sarkanlinna\/\" \/>\n<meta property=\"og:site_name\" content=\"Ravintola S\u00e4rk\u00e4nlinna\" \/>\n<meta property=\"article:publisher\" content=\"https:\/\/www.facebook.com\/sarkanlinna\" \/>\n<meta property=\"article:modified_time\" content=\"2026-03-08T12:48:40+00:00\" \/>\n<meta name=\"twitter:card\" content=\"summary_large_image\" \/>\n<meta name=\"twitter:label1\" content=\"Est. reading time\" \/>\n\t<meta name=\"twitter:data1\" content=\"2 minutes\" \/>\n<script type=\"application\/ld+json\" class=\"yoast-schema-graph\">{\"@context\":\"https:\\\/\\\/schema.org\",\"@graph\":[{\"@type\":\"WebPage\",\"@id\":\"https:\\\/\\\/ravintolasarkanlinna.fi\\\/en\\\/crayfish-party-at-sarkanlinna\\\/\",\"url\":\"https:\\\/\\\/ravintolasarkanlinna.fi\\\/en\\\/crayfish-party-at-sarkanlinna\\\/\",\"name\":\"Crayfish party at S\u00e4rk\u00e4nlinna - Ravintola S\u00e4rk\u00e4nlinna\",\"isPartOf\":{\"@id\":\"https:\\\/\\\/ravintolasarkanlinna.fi\\\/en\\\/#website\"},\"datePublished\":\"2022-06-07T10:23:34+00:00\",\"dateModified\":\"2026-03-08T12:48:40+00:00\",\"description\":\"Crayfish party at S\u00e4rk\u00e4nlinna 22.7.2026. A crayfish party is always about delicious crayfish and good company.\",\"breadcrumb\":{\"@id\":\"https:\\\/\\\/ravintolasarkanlinna.fi\\\/en\\\/crayfish-party-at-sarkanlinna\\\/#breadcrumb\"},\"inLanguage\":\"en-US\",\"potentialAction\":[{\"@type\":\"ReadAction\",\"target\":[\"https:\\\/\\\/ravintolasarkanlinna.fi\\\/en\\\/crayfish-party-at-sarkanlinna\\\/\"]}]},{\"@type\":\"BreadcrumbList\",\"@id\":\"https:\\\/\\\/ravintolasarkanlinna.fi\\\/en\\\/crayfish-party-at-sarkanlinna\\\/#breadcrumb\",\"itemListElement\":[{\"@type\":\"ListItem\",\"position\":1,\"name\":\"Home\",\"item\":\"https:\\\/\\\/ravintolasarkanlinna.fi\\\/en\\\/\"},{\"@type\":\"ListItem\",\"position\":2,\"name\":\"Crayfish party at S\u00e4rk\u00e4nlinna\"}]},{\"@type\":\"WebSite\",\"@id\":\"https:\\\/\\\/ravintolasarkanlinna.fi\\\/en\\\/#website\",\"url\":\"https:\\\/\\\/ravintolasarkanlinna.fi\\\/en\\\/\",\"name\":\"Ravintola S\u00e4rk\u00e4nlinna\",\"description\":\"Yksi Helsingin rakastetuimpia kes\u00e4ravintoloita\",\"publisher\":{\"@id\":\"https:\\\/\\\/ravintolasarkanlinna.fi\\\/en\\\/#organization\"},\"potentialAction\":[{\"@type\":\"SearchAction\",\"target\":{\"@type\":\"EntryPoint\",\"urlTemplate\":\"https:\\\/\\\/ravintolasarkanlinna.fi\\\/en\\\/?s={search_term_string}\"},\"query-input\":{\"@type\":\"PropertyValueSpecification\",\"valueRequired\":true,\"valueName\":\"search_term_string\"}}],\"inLanguage\":\"en-US\"},{\"@type\":\"Organization\",\"@id\":\"https:\\\/\\\/ravintolasarkanlinna.fi\\\/en\\\/#organization\",\"name\":\"Olo Events Oy\",\"url\":\"https:\\\/\\\/ravintolasarkanlinna.fi\\\/en\\\/\",\"logo\":{\"@type\":\"ImageObject\",\"inLanguage\":\"en-US\",\"@id\":\"https:\\\/\\\/ravintolasarkanlinna.fi\\\/en\\\/#\\\/schema\\\/logo\\\/image\\\/\",\"url\":\"https:\\\/\\\/ravintolasarkanlinna.fi\\\/rs\\\/wp-content\\\/uploads\\\/2022\\\/02\\\/sarkanlinna-logo.png\",\"contentUrl\":\"https:\\\/\\\/ravintolasarkanlinna.fi\\\/rs\\\/wp-content\\\/uploads\\\/2022\\\/02\\\/sarkanlinna-logo.png\",\"width\":360,\"height\":53,\"caption\":\"Olo Events Oy\"},\"image\":{\"@id\":\"https:\\\/\\\/ravintolasarkanlinna.fi\\\/en\\\/#\\\/schema\\\/logo\\\/image\\\/\"},\"sameAs\":[\"https:\\\/\\\/www.facebook.com\\\/sarkanlinna\",\"https:\\\/\\\/www.instagram.com\\\/sarkanlinna\"]}]}<\/script>\n<!-- \/ Yoast SEO plugin. -->","yoast_head_json":{"title":"Crayfish party at S\u00e4rk\u00e4nlinna - Ravintola S\u00e4rk\u00e4nlinna","description":"Crayfish party at S\u00e4rk\u00e4nlinna 22.7.2026. A crayfish party is always about delicious crayfish and good company.","robots":{"index":"index","follow":"follow","max-snippet":"max-snippet:-1","max-image-preview":"max-image-preview:large","max-video-preview":"max-video-preview:-1"},"canonical":"https:\/\/ravintolasarkanlinna.fi\/en\/crayfish-party-at-sarkanlinna\/","og_locale":"en_US","og_type":"article","og_title":"Crayfish party at S\u00e4rk\u00e4nlinna - Ravintola S\u00e4rk\u00e4nlinna","og_description":"Crayfish party at S\u00e4rk\u00e4nlinna 22.7.2026. A crayfish party is always about delicious crayfish and good company.","og_url":"https:\/\/ravintolasarkanlinna.fi\/en\/crayfish-party-at-sarkanlinna\/","og_site_name":"Ravintola S\u00e4rk\u00e4nlinna","article_publisher":"https:\/\/www.facebook.com\/sarkanlinna","article_modified_time":"2026-03-08T12:48:40+00:00","twitter_card":"summary_large_image","twitter_misc":{"Est. reading time":"2 minutes"},"schema":{"@context":"https:\/\/schema.org","@graph":[{"@type":"WebPage","@id":"https:\/\/ravintolasarkanlinna.fi\/en\/crayfish-party-at-sarkanlinna\/","url":"https:\/\/ravintolasarkanlinna.fi\/en\/crayfish-party-at-sarkanlinna\/","name":"Crayfish party at S\u00e4rk\u00e4nlinna - Ravintola S\u00e4rk\u00e4nlinna","isPartOf":{"@id":"https:\/\/ravintolasarkanlinna.fi\/en\/#website"},"datePublished":"2022-06-07T10:23:34+00:00","dateModified":"2026-03-08T12:48:40+00:00","description":"Crayfish party at S\u00e4rk\u00e4nlinna 22.7.2026. A crayfish party is always about delicious crayfish and good company.","breadcrumb":{"@id":"https:\/\/ravintolasarkanlinna.fi\/en\/crayfish-party-at-sarkanlinna\/#breadcrumb"},"inLanguage":"en-US","potentialAction":[{"@type":"ReadAction","target":["https:\/\/ravintolasarkanlinna.fi\/en\/crayfish-party-at-sarkanlinna\/"]}]},{"@type":"BreadcrumbList","@id":"https:\/\/ravintolasarkanlinna.fi\/en\/crayfish-party-at-sarkanlinna\/#breadcrumb","itemListElement":[{"@type":"ListItem","position":1,"name":"Home","item":"https:\/\/ravintolasarkanlinna.fi\/en\/"},{"@type":"ListItem","position":2,"name":"Crayfish party at S\u00e4rk\u00e4nlinna"}]},{"@type":"WebSite","@id":"https:\/\/ravintolasarkanlinna.fi\/en\/#website","url":"https:\/\/ravintolasarkanlinna.fi\/en\/","name":"Ravintola S\u00e4rk\u00e4nlinna","description":"Yksi Helsingin rakastetuimpia kes\u00e4ravintoloita","publisher":{"@id":"https:\/\/ravintolasarkanlinna.fi\/en\/#organization"},"potentialAction":[{"@type":"SearchAction","target":{"@type":"EntryPoint","urlTemplate":"https:\/\/ravintolasarkanlinna.fi\/en\/?s={search_term_string}"},"query-input":{"@type":"PropertyValueSpecification","valueRequired":true,"valueName":"search_term_string"}}],"inLanguage":"en-US"},{"@type":"Organization","@id":"https:\/\/ravintolasarkanlinna.fi\/en\/#organization","name":"Olo Events Oy","url":"https:\/\/ravintolasarkanlinna.fi\/en\/","logo":{"@type":"ImageObject","inLanguage":"en-US","@id":"https:\/\/ravintolasarkanlinna.fi\/en\/#\/schema\/logo\/image\/","url":"https:\/\/ravintolasarkanlinna.fi\/rs\/wp-content\/uploads\/2022\/02\/sarkanlinna-logo.png","contentUrl":"https:\/\/ravintolasarkanlinna.fi\/rs\/wp-content\/uploads\/2022\/02\/sarkanlinna-logo.png","width":360,"height":53,"caption":"Olo Events Oy"},"image":{"@id":"https:\/\/ravintolasarkanlinna.fi\/en\/#\/schema\/logo\/image\/"},"sameAs":["https:\/\/www.facebook.com\/sarkanlinna","https:\/\/www.instagram.com\/sarkanlinna"]}]}},"_links":{"self":[{"href":"https:\/\/ravintolasarkanlinna.fi\/en\/wp-json\/wp\/v2\/pages\/439","targetHints":{"allow":["GET"]}}],"collection":[{"href":"https:\/\/ravintolasarkanlinna.fi\/en\/wp-json\/wp\/v2\/pages"}],"about":[{"href":"https:\/\/ravintolasarkanlinna.fi\/en\/wp-json\/wp\/v2\/types\/page"}],"author":[{"embeddable":true,"href":"https:\/\/ravintolasarkanlinna.fi\/en\/wp-json\/wp\/v2\/users\/1"}],"replies":[{"embeddable":true,"href":"https:\/\/ravintolasarkanlinna.fi\/en\/wp-json\/wp\/v2\/comments?post=439"}],"version-history":[{"count":24,"href":"https:\/\/ravintolasarkanlinna.fi\/en\/wp-json\/wp\/v2\/pages\/439\/revisions"}],"predecessor-version":[{"id":1347,"href":"https:\/\/ravintolasarkanlinna.fi\/en\/wp-json\/wp\/v2\/pages\/439\/revisions\/1347"}],"wp:attachment":[{"href":"https:\/\/ravintolasarkanlinna.fi\/en\/wp-json\/wp\/v2\/media?parent=439"}],"curies":[{"name":"wp","href":"https:\/\/api.w.org\/{rel}","templated":true}]}}